{"id":928,"date":"2021-01-31T12:42:36","date_gmt":"2021-01-31T12:42:36","guid":{"rendered":"https:\/\/integ-bilingual-college.com\/?page_id=928"},"modified":"2021-02-12T09:21:30","modified_gmt":"2021-02-12T09:21:30","slug":"registration-and-school-fees","status":"publish","type":"page","link":"https:\/\/integ-bilingual-college.com\/fr\/registration-and-school-fees\/","title":{"rendered":"Registration and school fees"},"content":{"rendered":"<h1>Inscription et frais de scolarit\u00e9 <\/h1>\n<h2>Inscription <\/h2>\n<p>\t\t\t\t\t\t\t\t\t\t<img width=\"1024\" height=\"838\" src=\"https:\/\/integ-bilingual-college.com\/wp-content\/uploads\/2021\/01\/contact-97574_1280-1024x838.png\" alt=\"\" loading=\"lazy\" srcset=\"https:\/\/integ-bilingual-college.com\/wp-content\/uploads\/2021\/01\/contact-97574_1280-1024x838.png 1024w, https:\/\/integ-bilingual-college.com\/wp-content\/uploads\/2021\/01\/contact-97574_1280-300x246.png 300w, https:\/\/integ-bilingual-college.com\/wp-content\/uploads\/2021\/01\/contact-97574_1280-768x629.png 768w, https:\/\/integ-bilingual-college.com\/wp-content\/uploads\/2021\/01\/contact-97574_1280.png 1080w\" sizes=\"(max-width: 1024px) 100vw, 1024px\" \/>\t\t\t\t\t\t\t\t\t\t\t<\/p>\n<h2>QFPs<\/h2>\n<h2>Questions  fr\u00e9quemment pos\u00e9es<\/h2>\n<h2 id=\"elementor-tab-title-1591\" data-tab=\"1\" role=\"tab\" aria-controls=\"elementor-tab-content-1591\">\n\t\t\t\t\t\t\t\t\t\t\t\t<a href=\"\">Quels documents doivent \u00eatre fournis pour l&#8217;enregistrement?<\/a><br \/>\n\t\t\t\t\t<\/h2>\n<p style=\"text-align: left;\">Les documents suivants sont \u00e0 fournir pour l\u2019inscription:<\/p>\n<ul>\n<li style=\"text-align: left;\">\n<p>Demande de candidature (\u00e0 retirer au secr\u00e9tariat du coll\u00e8ge)<\/p>\n<\/li>\n<li style=\"text-align: left;\">\n<p>Une photocopie de l\u2019acte de naissance<\/p>\n<\/li>\n<li style=\"text-align: left;\">\n<p>Les bulletins de notes de l\u2019ann\u00e9e en cours et photocopie<\/p>\n<\/li>\n<li style=\"text-align: left;\">\n<p>2 000 FCFA de frais de concours\/\u00e9tude du dossier<\/p>\n<\/li>\n<li style=\"text-align: left;\">\n<p>Une chemise cartonn\u00e9e\u00a0\u00a0<\/p>\n<\/li>\n<li style=\"text-align: left;\">\n<p>Une attestation de r\u00e9ussite au BEPC, CAP, PROBATOIRE pour les \u00e9l\u00e8ves de 2nd, 1 \u00e8re et Tles<\/p>\n<\/li>\n<\/ul>\n<h2 id=\"elementor-tab-title-1592\" data-tab=\"2\" role=\"tab\" aria-controls=\"elementor-tab-content-1592\">\n\t\t\t\t\t\t\t\t\t\t\t\t<a href=\"\">Frais de scolarit\u00e9 <\/a><br \/>\n\t\t\t\t\t<\/h2>\n<p>Pour tout renseignement sur les frais de scolarit\u00e9 ainsi que de leur \u00e9ch\u00e9ance de paiement, veuillez-vous<br \/>rendre au secr\u00e9tariat de l\u2019intendance du Coll\u00e8ge.<\/p>\n<h2 id=\"elementor-tab-title-1593\" data-tab=\"3\" role=\"tab\" aria-controls=\"elementor-tab-content-1593\">\n\t\t\t\t\t\t\t\t\t\t\t\t<a href=\"\">Attention!<\/a><br \/>\n\t\t\t\t\t<\/h2>\n<ul>\n<li>Aucun dossier incomplet ne sera accept\u00e9.\u00a0<\/li>\n<li>Le Coll\u00e8ge ne fait pas de photocopie!<\/li>\n<\/ul>\n","protected":false},"excerpt":{"rendered":"<p>Inscription et frais de scolarit\u00e9 Inscription QFPs Questions fr\u00e9quemment pos\u00e9es Quels documents doivent \u00eatre fournis pour l&#8217;enregistrement? Les documents suivants sont \u00e0 fournir pour l\u2019inscription: Demande de candidature (\u00e0 retirer au secr\u00e9tariat du coll\u00e8ge) Une photocopie de l\u2019acte de naissance Les bulletins de notes de l\u2019ann\u00e9e en cours et photocopie 2 000 FCFA de frais &hellip;<\/p>\n<p class=\"read-more\"> <a class=\"\" href=\"https:\/\/integ-bilingual-college.com\/fr\/registration-and-school-fees\/\"> <span class=\"screen-reader-text\">Registration and school fees<\/span> Read More &raquo;<\/a><\/p>\n","protected":false},"author":1,"featured_media":0,"parent":0,"menu_order":0,"comment_status":"closed","ping_status":"closed","template":"","meta":{"site-sidebar-layout":"no-sidebar","site-content-layout":"page-builder","ast-main-header-display":"","ast-hfb-above-header-display":"","ast-hfb-below-header-display":"","ast-hfb-mobile-header-display":"","site-post-title":"disabled","ast-breadcrumbs-content":"","ast-featured-img":"disabled","footer-sml-layout":"","theme-transparent-header-meta":"default","adv-header-id-meta":"","stick-header-meta":"","header-above-stick-meta":"","header-main-stick-meta":"","header-below-stick-meta":""},"translation":{"provider":"WPGlobus","version":"2.8.8","language":"fr","enabled_languages":["en","fr"],"languages":{"en":{"title":true,"content":true,"excerpt":false},"fr":{"title":true,"content":true,"excerpt":false}}},"_links":{"self":[{"href":"https:\/\/integ-bilingual-college.com\/fr\/wp-json\/wp\/v2\/pages\/928"}],"collection":[{"href":"https:\/\/integ-bilingual-college.com\/fr\/wp-json\/wp\/v2\/pages"}],"about":[{"href":"https:\/\/integ-bilingual-college.com\/fr\/wp-json\/wp\/v2\/types\/page"}],"author":[{"embeddable":true,"href":"https:\/\/integ-bilingual-college.com\/fr\/wp-json\/wp\/v2\/users\/1"}],"replies":[{"embeddable":true,"href":"https:\/\/integ-bilingual-college.com\/fr\/wp-json\/wp\/v2\/comments?post=928"}],"version-history":[{"count":118,"href":"https:\/\/integ-bilingual-college.com\/fr\/wp-json\/wp\/v2\/pages\/928\/revisions"}],"predecessor-version":[{"id":3106,"href":"https:\/\/integ-bilingual-college.com\/fr\/wp-json\/wp\/v2\/pages\/928\/revisions\/3106"}],"wp:attachment":[{"href":"https:\/\/integ-bilingual-college.com\/fr\/wp-json\/wp\/v2\/media?parent=928"}],"curies":[{"name":"wp","href":"https:\/\/api.w.org\/{rel}","templated":true}]}}