{"id":839,"date":"2021-01-31T10:33:10","date_gmt":"2021-01-31T10:33:10","guid":{"rendered":"https:\/\/integ-bilingual-college.com\/?page_id=839"},"modified":"2021-11-24T15:55:28","modified_gmt":"2021-11-24T15:55:28","slug":"examination-and-competitions","status":"publish","type":"page","link":"https:\/\/integ-bilingual-college.com\/fr\/examination-and-competitions\/","title":{"rendered":"Examination and competitions"},"content":{"rendered":"<h1>Les examens et concours<\/h1>\n<ul>\n<li>\n\t\t\t\t\t\t\t\t\t<\/li>\n<\/ul>\n<p>Nos r\u00e9sultats aux examens officiels sont en hausse depuis des ann\u00e9es. Notre volont\u00e9 commune sera de poursuivre cette dynamique avec engagement au b\u00e9n\u00e9fice de nos \u00e9l\u00e8ves. Cette notori\u00e9t\u00e9 toujours aussi grandissante est le fruit du travail du personnel enseignant, administratif et bien s\u00fbr aussi celui des \u00e9l\u00e8ves. Le s\u00e9rieux et l\u2019am\u00e9lioration des r\u00e9sultats scolaires ont amen\u00e9 les hautes autorit\u00e9s scolaires \u00e0 faire du coll\u00e8ge Integ bilingue un grand centre d\u2019examen officiel GCE et son Principal chef de centre. Ici-bas les r\u00e9sultats des examens de l\u2019ann\u00e9e scolaire<br \/>\n2018\/2019.<\/p>\n<p><a href=\"https:\/\/integ-bilingual-college.com\/wp-content\/uploads\/2021\/02\/Resultats-aux-examens-section-anglophone.pdf\">R\u00e9sultats aux examens section anglophone<\/a><\/p>\n<p><a href=\"https:\/\/integ-bilingual-college.com\/wp-content\/uploads\/2021\/02\/Resultats-aux-examens-section-francophone.pdf\">R\u00e9sultats aux examens section francophone<\/a><\/p>\n<p><a href=\"https:\/\/integ-bilingual-college.com\/wp-content\/uploads\/2021\/02\/Exam-admissions-2018_2019_2020.pdf\">Exam admissions 2018_2019_2020<\/a><\/p>\n<p><a href=\"https:\/\/integ-bilingual-college.com\/wp-content\/uploads\/2021\/11\/Resultats-aux-examens-section-francophone-2020_2021-1-2.pdf\">R\u00e9sultats aux examens section francophone 2020_2021<\/a>\u00a0<\/p>\n","protected":false},"excerpt":{"rendered":"<p>Les examens et concours Nos r\u00e9sultats aux examens officiels sont en hausse depuis des ann\u00e9es. Notre volont\u00e9 commune sera de poursuivre cette dynamique avec engagement au b\u00e9n\u00e9fice de nos \u00e9l\u00e8ves. Cette notori\u00e9t\u00e9 toujours aussi grandissante est le fruit du travail du personnel enseignant, administratif et bien s\u00fbr aussi celui des \u00e9l\u00e8ves. Le s\u00e9rieux et l\u2019am\u00e9lioration &hellip;<\/p>\n<p class=\"read-more\"> <a class=\"\" href=\"https:\/\/integ-bilingual-college.com\/fr\/examination-and-competitions\/\"> <span class=\"screen-reader-text\">Examination and competitions<\/span> Read More &raquo;<\/a><\/p>\n","protected":false},"author":1,"featured_media":0,"parent":0,"menu_order":0,"comment_status":"closed","ping_status":"closed","template":"","meta":{"site-sidebar-layout":"no-sidebar","site-content-layout":"page-builder","ast-main-header-display":"","ast-hfb-above-header-display":"","ast-hfb-below-header-display":"","ast-hfb-mobile-header-display":"","site-post-title":"disabled","ast-breadcrumbs-content":"","ast-featured-img":"disabled","footer-sml-layout":"","theme-transparent-header-meta":"default","adv-header-id-meta":"","stick-header-meta":"","header-above-stick-meta":"","header-main-stick-meta":"","header-below-stick-meta":""},"translation":{"provider":"WPGlobus","version":"2.8.8","language":"fr","enabled_languages":["en","fr"],"languages":{"en":{"title":true,"content":true,"excerpt":false},"fr":{"title":true,"content":true,"excerpt":false}}},"_links":{"self":[{"href":"https:\/\/integ-bilingual-college.com\/fr\/wp-json\/wp\/v2\/pages\/839"}],"collection":[{"href":"https:\/\/integ-bilingual-college.com\/fr\/wp-json\/wp\/v2\/pages"}],"about":[{"href":"https:\/\/integ-bilingual-college.com\/fr\/wp-json\/wp\/v2\/types\/page"}],"author":[{"embeddable":true,"href":"https:\/\/integ-bilingual-college.com\/fr\/wp-json\/wp\/v2\/users\/1"}],"replies":[{"embeddable":true,"href":"https:\/\/integ-bilingual-college.com\/fr\/wp-json\/wp\/v2\/comments?post=839"}],"version-history":[{"count":85,"href":"https:\/\/integ-bilingual-college.com\/fr\/wp-json\/wp\/v2\/pages\/839\/revisions"}],"predecessor-version":[{"id":3369,"href":"https:\/\/integ-bilingual-college.com\/fr\/wp-json\/wp\/v2\/pages\/839\/revisions\/3369"}],"wp:attachment":[{"href":"https:\/\/integ-bilingual-college.com\/fr\/wp-json\/wp\/v2\/media?parent=839"}],"curies":[{"name":"wp","href":"https:\/\/api.w.org\/{rel}","templated":true}]}}