{"id":778,"date":"2021-01-29T21:35:55","date_gmt":"2021-01-29T21:35:55","guid":{"rendered":"https:\/\/integ-bilingual-college.com\/?page_id=778"},"modified":"2021-02-11T21:54:50","modified_gmt":"2021-02-11T21:54:50","slug":"internal-regulations","status":"publish","type":"page","link":"https:\/\/integ-bilingual-college.com\/fr\/internal-regulations\/","title":{"rendered":"Internal regulations"},"content":{"rendered":"<h1>R\u00e8glements int\u00e9rieurs<\/h1>\n<ul>\n<li>\n\t\t\t\t\t\t\t\t\t<\/li>\n<\/ul>\n<p>L\u2019\u00e9ducation, c\u2019est aussi faire exister la loi pour un enfant ! C\u2019est un tiers sans lequel toute vie sociale serait<br \/>\nimpossible.<\/p>\n<p>Le pr\u00e9sent r\u00e8glement int\u00e9rieur a pour objet de d\u00e9finir un cadre de travail ad\u00e9quat pour la r\u00e9ussite des \u00e9l\u00e8ves, leur \u00e9panouissement et leur int\u00e9gration sociale. Il d\u00e9finit les devoirs, les obligations mais aussi les droits des uns des autres.\n<\/p>\n<p>\t\t\t\t\t\t\t\t\t<a href=\"\"><\/a><\/p>\n<p><a href=\"https:\/\/integ-bilingual-college.com\/wp-content\/uploads\/2021\/02\/Reglement-interieur-articles-1-a-46.pdf\">R\u00e8glement int\u00e9rieur articles 1 \u00e0 46<\/a><\/p>\n<ul>\n<li>\n\t\t\t\t\t\t\t\t\t<\/li>\n<\/ul>\n<h2>Tenue scolaire<\/h2>\n<p>Afin de renforcer le sentiment d\u2019appartenance \u00e0 une \u00e9cole et d\u2019inculquer l\u2019esprit d\u2019\u00e9galit\u00e9 chez les \u00e9l\u00e8ves, le Minist\u00e8re de l\u2019Education Nationale au Cameroun exige dans son r\u00e8glement le port d\u2019un uniforme en milieu scolaire. Afin de r\u00e9pondre \u00e0 cela, Ie directoire de l\u2019IBC a choisi pour ses \u00e9l\u00e8ves un uniforme compos\u00e9 d\u2019une chemisette \u00e0 carreaux et d\u2019un pantalon \u00e0 fond vert. Les jeunes filles ont la possibilit\u00e9 de porter un pantalon ou une jupe.\n<\/p>\n<p>\t\t\t\t\t\t\t\t\t\t<img width=\"1000\" height=\"500\" src=\"https:\/\/integ-bilingual-college.com\/wp-content\/uploads\/2021\/02\/IMG-20210202-WA00105737.jpg\" alt=\"\" loading=\"lazy\" srcset=\"https:\/\/integ-bilingual-college.com\/wp-content\/uploads\/2021\/02\/IMG-20210202-WA00105737.jpg 1000w, https:\/\/integ-bilingual-college.com\/wp-content\/uploads\/2021\/02\/IMG-20210202-WA00105737-300x150.jpg 300w, https:\/\/integ-bilingual-college.com\/wp-content\/uploads\/2021\/02\/IMG-20210202-WA00105737-768x384.jpg 768w\" sizes=\"(max-width: 1000px) 100vw, 1000px\" \/>\t\t\t\t\t\t\t\t\t\t\t<\/p>\n<ul>\n<li>\n\t\t\t\t\t\t\t\t\t<\/li>\n<\/ul>\n<h2>Interdiction \u00e0 la violence<br \/>\n<\/h2>\n<p>Les rapports humains doivent \u00e9voluer dans un climat sain et d\u00e9nu\u00e9 d\u2019incivilit\u00e9s. Parce que nous voulons former des jeunes \u00e9quilibr\u00e9s et respectueux, parce que nous voulons contribuer \u00e0 \u00e9duquer des citoyens responsables et civilis\u00e9s pour notre soci\u00e9t\u00e9, nous mettons un point d\u2019honneur \u00e0 combattre la violence sous toutes les formes ; qu\u2019elle soit verbale ou physique, entre \u00e9l\u00e8ves ou entre \u00e9l\u00e8ves et professeurs. Nous luttons activement contre une omerta institutionnelle et nous engageons pour cela \u00e0 combattre, d\u00e9noncer et sanctionner tout acte de brutalit\u00e9 au sein de notre \u00e9cole. Pour toute information relative aux cons\u00e9quences r\u00e9sultant des actes de violence, bien vouloir se r\u00e9f\u00e9rer \u00e0 notre r\u00e8glement int\u00e9rieur.<\/p>\n<ul>\n<li>\n\t\t\t\t\t\t\t\t\t<\/li>\n<\/ul>\n<h2>Utilisation portables et autres gadgets \u00e9lectroniques<\/h2>\n<p>L\u2019utilisation des appareils \u00e9lectroniques est formellement interdite au sein de l\u2019\u00e9tablissement \u2013 conf\u00e8re Article 31 du r\u00e8glement int\u00e9rieur.<\/p>\n<ul>\n<li>\n\t\t\t\t\t\t\t\t\t<\/li>\n<\/ul>\n<h2>Interdiction \u00e0 la consommation de drogue, boissons et liqueurs alcoolis\u00e9es<\/h2>\n<p>Il est strictement interdit de consommer tout stimulant ou toute boisson alcoolis\u00e9e \u2013 voir article 31 du r\u00e8glement int\u00e9rieur. A IBC nous sommes responsables des \u00e9l\u00e8ves non seulement pour leur formation mais aussi pour leur \u00e9ducation !<\/p>\n<p>Il est strictement interdit de consommer de l\u2019alcool ou toute boisson alcoolis\u00e9e et de se livrer \u00e0 quelque beuverie au sein de l\u2019\u00e9tablissement scolaire. En outre nous interdisons formellement la visite d\u2019\u00e9l\u00e8ves dans les d\u00e9bits de boisson aux alentours du Coll\u00e8ge.<\/p>\n","protected":false},"excerpt":{"rendered":"<p>R\u00e8glements int\u00e9rieurs L\u2019\u00e9ducation, c\u2019est aussi faire exister la loi pour un enfant ! C\u2019est un tiers sans lequel toute vie sociale serait impossible. Le pr\u00e9sent r\u00e8glement int\u00e9rieur a pour objet de d\u00e9finir un cadre de travail ad\u00e9quat pour la r\u00e9ussite des \u00e9l\u00e8ves, leur \u00e9panouissement et leur int\u00e9gration sociale. Il d\u00e9finit les devoirs, les obligations mais &hellip;<\/p>\n<p class=\"read-more\"> <a class=\"\" href=\"https:\/\/integ-bilingual-college.com\/fr\/internal-regulations\/\"> <span class=\"screen-reader-text\">Internal regulations<\/span> Read More &raquo;<\/a><\/p>\n","protected":false},"author":1,"featured_media":0,"parent":0,"menu_order":0,"comment_status":"closed","ping_status":"closed","template":"","meta":{"site-sidebar-layout":"no-sidebar","site-content-layout":"page-builder","ast-main-header-display":"","ast-hfb-above-header-display":"","ast-hfb-below-header-display":"","ast-hfb-mobile-header-display":"","site-post-title":"disabled","ast-breadcrumbs-content":"","ast-featured-img":"disabled","footer-sml-layout":"","theme-transparent-header-meta":"default","adv-header-id-meta":"","stick-header-meta":"","header-above-stick-meta":"","header-main-stick-meta":"","header-below-stick-meta":""},"translation":{"provider":"WPGlobus","version":"2.8.8","language":"fr","enabled_languages":["en","fr"],"languages":{"en":{"title":true,"content":true,"excerpt":false},"fr":{"title":true,"content":true,"excerpt":false}}},"_links":{"self":[{"href":"https:\/\/integ-bilingual-college.com\/fr\/wp-json\/wp\/v2\/pages\/778"}],"collection":[{"href":"https:\/\/integ-bilingual-college.com\/fr\/wp-json\/wp\/v2\/pages"}],"about":[{"href":"https:\/\/integ-bilingual-college.com\/fr\/wp-json\/wp\/v2\/types\/page"}],"author":[{"embeddable":true,"href":"https:\/\/integ-bilingual-college.com\/fr\/wp-json\/wp\/v2\/users\/1"}],"replies":[{"embeddable":true,"href":"https:\/\/integ-bilingual-college.com\/fr\/wp-json\/wp\/v2\/comments?post=778"}],"version-history":[{"count":145,"href":"https:\/\/integ-bilingual-college.com\/fr\/wp-json\/wp\/v2\/pages\/778\/revisions"}],"predecessor-version":[{"id":3094,"href":"https:\/\/integ-bilingual-college.com\/fr\/wp-json\/wp\/v2\/pages\/778\/revisions\/3094"}],"wp:attachment":[{"href":"https:\/\/integ-bilingual-college.com\/fr\/wp-json\/wp\/v2\/media?parent=778"}],"curies":[{"name":"wp","href":"https:\/\/api.w.org\/{rel}","templated":true}]}}