{"id":770,"date":"2021-01-29T21:26:32","date_gmt":"2021-01-29T21:26:32","guid":{"rendered":"https:\/\/integ-bilingual-college.com\/?page_id=770"},"modified":"2021-02-11T19:06:09","modified_gmt":"2021-02-11T19:06:09","slug":"admission","status":"publish","type":"page","link":"https:\/\/integ-bilingual-college.com\/fr\/admission\/","title":{"rendered":"Admission"},"content":{"rendered":"<h1>Admission<\/h1>\n<ul>\n<li>\n\t\t\t\t\t\t\t\t\t<\/li>\n<\/ul>\n<p>Depuis 2015, le Coll\u00e8ge Integ Bilingue est pass\u00e9 d\u2019un \u00e9tablissement de masse \u00e0 un \u00e9tablissement de qualit\u00e9. On y<br \/>\nentre sur concours. La discipline y occupe une place de choix, ce qui lui a valu ces trois derni\u00e8res ann\u00e9es, des<br \/>\nf\u00e9licitations de la part des autorit\u00e9s de la ville de Douala.<\/p>\n","protected":false},"excerpt":{"rendered":"<p>Admission Depuis 2015, le Coll\u00e8ge Integ Bilingue est pass\u00e9 d\u2019un \u00e9tablissement de masse \u00e0 un \u00e9tablissement de qualit\u00e9. On y entre sur concours. La discipline y occupe une place de choix, ce qui lui a valu ces trois derni\u00e8res ann\u00e9es, des f\u00e9licitations de la part des autorit\u00e9s de la ville de Douala.<\/p>\n","protected":false},"author":1,"featured_media":0,"parent":0,"menu_order":0,"comment_status":"closed","ping_status":"closed","template":"","meta":{"site-sidebar-layout":"no-sidebar","site-content-layout":"page-builder","ast-main-header-display":"","ast-hfb-above-header-display":"","ast-hfb-below-header-display":"","ast-hfb-mobile-header-display":"","site-post-title":"disabled","ast-breadcrumbs-content":"","ast-featured-img":"disabled","footer-sml-layout":"","theme-transparent-header-meta":"default","adv-header-id-meta":"","stick-header-meta":"","header-above-stick-meta":"","header-main-stick-meta":"","header-below-stick-meta":""},"translation":{"provider":"WPGlobus","version":"2.8.8","language":"fr","enabled_languages":["en","fr"],"languages":{"en":{"title":true,"content":true,"excerpt":false},"fr":{"title":true,"content":true,"excerpt":false}}},"_links":{"self":[{"href":"https:\/\/integ-bilingual-college.com\/fr\/wp-json\/wp\/v2\/pages\/770"}],"collection":[{"href":"https:\/\/integ-bilingual-college.com\/fr\/wp-json\/wp\/v2\/pages"}],"about":[{"href":"https:\/\/integ-bilingual-college.com\/fr\/wp-json\/wp\/v2\/types\/page"}],"author":[{"embeddable":true,"href":"https:\/\/integ-bilingual-college.com\/fr\/wp-json\/wp\/v2\/users\/1"}],"replies":[{"embeddable":true,"href":"https:\/\/integ-bilingual-college.com\/fr\/wp-json\/wp\/v2\/comments?post=770"}],"version-history":[{"count":46,"href":"https:\/\/integ-bilingual-college.com\/fr\/wp-json\/wp\/v2\/pages\/770\/revisions"}],"predecessor-version":[{"id":2818,"href":"https:\/\/integ-bilingual-college.com\/fr\/wp-json\/wp\/v2\/pages\/770\/revisions\/2818"}],"wp:attachment":[{"href":"https:\/\/integ-bilingual-college.com\/fr\/wp-json\/wp\/v2\/media?parent=770"}],"curies":[{"name":"wp","href":"https:\/\/api.w.org\/{rel}","templated":true}]}}