{"id":753,"date":"2021-01-29T20:39:40","date_gmt":"2021-01-29T20:39:40","guid":{"rendered":"https:\/\/integ-bilingual-college.com\/?page_id=753"},"modified":"2021-02-11T20:23:06","modified_gmt":"2021-02-11T20:23:06","slug":"security","status":"publish","type":"page","link":"https:\/\/integ-bilingual-college.com\/fr\/security\/","title":{"rendered":"Security"},"content":{"rendered":"<h1>S\u00e9curit\u00e9 <\/h1>\n<ul>\n<li>\n\t\t\t\t\t\t\t\t\t<\/li>\n<\/ul>\n<p>La s\u00e9curit\u00e9 de personnes et des biens au sein des \u00e9tablissements et \u00e0 leurs abords nous est primordiale. Nous comptons dans nos effectifs plusieurs surveillants r\u00e9partis par couloir et section. D\u00e9j\u00e0 \u00e0 l\u2019entr\u00e9e une \u00e9quipe de gardiennage contr\u00f4le l\u2019acc\u00e8s au Coll\u00e8ge et assure la protection des biens et personnes.<\/p>\n","protected":false},"excerpt":{"rendered":"<p>S\u00e9curit\u00e9 La s\u00e9curit\u00e9 de personnes et des biens au sein des \u00e9tablissements et \u00e0 leurs abords nous est primordiale. Nous comptons dans nos effectifs plusieurs surveillants r\u00e9partis par couloir et section. D\u00e9j\u00e0 \u00e0 l\u2019entr\u00e9e une \u00e9quipe de gardiennage contr\u00f4le l\u2019acc\u00e8s au Coll\u00e8ge et assure la protection des biens et personnes.<\/p>\n","protected":false},"author":1,"featured_media":0,"parent":0,"menu_order":0,"comment_status":"closed","ping_status":"closed","template":"","meta":{"site-sidebar-layout":"no-sidebar","site-content-layout":"page-builder","ast-main-header-display":"","ast-hfb-above-header-display":"","ast-hfb-below-header-display":"","ast-hfb-mobile-header-display":"","site-post-title":"disabled","ast-breadcrumbs-content":"","ast-featured-img":"disabled","footer-sml-layout":"","theme-transparent-header-meta":"default","adv-header-id-meta":"","stick-header-meta":"","header-above-stick-meta":"","header-main-stick-meta":"","header-below-stick-meta":""},"translation":{"provider":"WPGlobus","version":"2.8.8","language":"fr","enabled_languages":["en","fr"],"languages":{"en":{"title":true,"content":true,"excerpt":false},"fr":{"title":true,"content":true,"excerpt":false}}},"_links":{"self":[{"href":"https:\/\/integ-bilingual-college.com\/fr\/wp-json\/wp\/v2\/pages\/753"}],"collection":[{"href":"https:\/\/integ-bilingual-college.com\/fr\/wp-json\/wp\/v2\/pages"}],"about":[{"href":"https:\/\/integ-bilingual-college.com\/fr\/wp-json\/wp\/v2\/types\/page"}],"author":[{"embeddable":true,"href":"https:\/\/integ-bilingual-college.com\/fr\/wp-json\/wp\/v2\/users\/1"}],"replies":[{"embeddable":true,"href":"https:\/\/integ-bilingual-college.com\/fr\/wp-json\/wp\/v2\/comments?post=753"}],"version-history":[{"count":46,"href":"https:\/\/integ-bilingual-college.com\/fr\/wp-json\/wp\/v2\/pages\/753\/revisions"}],"predecessor-version":[{"id":2902,"href":"https:\/\/integ-bilingual-college.com\/fr\/wp-json\/wp\/v2\/pages\/753\/revisions\/2902"}],"wp:attachment":[{"href":"https:\/\/integ-bilingual-college.com\/fr\/wp-json\/wp\/v2\/media?parent=753"}],"curies":[{"name":"wp","href":"https:\/\/api.w.org\/{rel}","templated":true}]}}