{"id":736,"date":"2021-01-29T20:22:25","date_gmt":"2021-01-29T20:22:25","guid":{"rendered":"https:\/\/integ-bilingual-college.com\/?page_id=736"},"modified":"2021-02-11T20:20:38","modified_gmt":"2021-02-11T20:20:38","slug":"multimedia-room-laboratory-test-and-measurement-room-wiring","status":"publish","type":"page","link":"https:\/\/integ-bilingual-college.com\/fr\/multimedia-room-laboratory-test-and-measurement-room-wiring\/","title":{"rendered":"Multimedia room &#8211; Laboratory, test and measurement room &#8211; wiring"},"content":{"rendered":"<h1>Salle multim\u00e9dia<\/h1>\n<ul>\n<li>\n\t\t\t\t\t\t\t\t\t<\/li>\n<\/ul>\n<p>A IBC, nous favorisons l\u2019application pratique et avons pour cela emm\u00e9nag\u00e9 des laboratoires, salles d\u2019essai et salles multim\u00e9dia. L\u2019objectif est d\u2019alimenter la r\u00e9flexion et stimuler le sens de la pratique. L\u2019\u00e9l\u00e8ve \u00e9volue sur un terrain d\u2019essai dans un cadre de situations simul\u00e9es. Les connaissances restent ainsi fortement ancr\u00e9es dans leurs repr\u00e9sentations mentales.<\/p>\n<p>\t\t\t\t\t\t\t\t\t\t<img width=\"593\" height=\"448\" src=\"https:\/\/integ-bilingual-college.com\/wp-content\/uploads\/2021\/01\/65598899.png\" alt=\"\" loading=\"lazy\" srcset=\"https:\/\/integ-bilingual-college.com\/wp-content\/uploads\/2021\/01\/65598899.png 593w, https:\/\/integ-bilingual-college.com\/wp-content\/uploads\/2021\/01\/65598899-300x227.png 300w\" sizes=\"(max-width: 593px) 100vw, 593px\" \/>\t\t\t\t\t\t\t\t\t\t\t<\/p>\n<p>Les \u00e9l\u00e8ves de la section \u00e9lectricit\u00e9 en pratique dans la salle d\u2019essai et mesures\u00a0<\/p>\n<p>\t\t\t\t\t<a target=\"_blank\" rel=\"noopener\"><br \/>\n\t\t\t\t\t\tFacebook<br \/>\n\t\t\t\t\t\t\t\t\t\t\t<\/a><br \/>\n\t\t\t\t\t<a target=\"_blank\" rel=\"noopener\"><br \/>\n\t\t\t\t\t\tTwitter<br \/>\n\t\t\t\t\t\t\t\t\t\t\t<\/a><br \/>\n\t\t\t\t\t<a target=\"_blank\" rel=\"noopener\"><br \/>\n\t\t\t\t\t\tLinkedin<br \/>\n\t\t\t\t\t\t\t\t\t\t\t<\/a><br \/>\n\t\t\t\t\t<a target=\"_blank\" rel=\"noopener\"><br \/>\n\t\t\t\t\t\tInstagram<br \/>\n\t\t\t\t\t\t\t\t\t\t\t<\/a><br \/>\n\t\t\t\t\t\t\t\t\t\t<img width=\"590\" height=\"371\" src=\"https:\/\/integ-bilingual-college.com\/wp-content\/uploads\/2021\/01\/4566846-1.png\" alt=\"\" loading=\"lazy\" srcset=\"https:\/\/integ-bilingual-college.com\/wp-content\/uploads\/2021\/01\/4566846-1.png 590w, https:\/\/integ-bilingual-college.com\/wp-content\/uploads\/2021\/01\/4566846-1-300x189.png 300w\" sizes=\"(max-width: 590px) 100vw, 590px\" \/>\t\t\t\t\t\t\t\t\t\t\t<\/p>\n<p>Les \u00e9l\u00e8ves en s\u00e9ance pratique de laboratoire de Biochimie<\/p>\n<p>\t\t\t\t\t<a target=\"_blank\" rel=\"noopener\"><br \/>\n\t\t\t\t\t\tFacebook<br \/>\n\t\t\t\t\t\t\t\t\t\t\t<\/a><br \/>\n\t\t\t\t\t<a target=\"_blank\" rel=\"noopener\"><br \/>\n\t\t\t\t\t\tTwitter<br \/>\n\t\t\t\t\t\t\t\t\t\t\t<\/a><br \/>\n\t\t\t\t\t<a target=\"_blank\" rel=\"noopener\"><br \/>\n\t\t\t\t\t\tLinkedin<br \/>\n\t\t\t\t\t\t\t\t\t\t\t<\/a><br \/>\n\t\t\t\t\t<a target=\"_blank\" rel=\"noopener\"><br \/>\n\t\t\t\t\t\tInstagram<br \/>\n\t\t\t\t\t\t\t\t\t\t\t<\/a><\/p>\n","protected":false},"excerpt":{"rendered":"<p>Salle multim\u00e9dia A IBC, nous favorisons l\u2019application pratique et avons pour cela emm\u00e9nag\u00e9 des laboratoires, salles d\u2019essai et salles multim\u00e9dia. L\u2019objectif est d\u2019alimenter la r\u00e9flexion et stimuler le sens de la pratique. L\u2019\u00e9l\u00e8ve \u00e9volue sur un terrain d\u2019essai dans un cadre de situations simul\u00e9es. Les connaissances restent ainsi fortement ancr\u00e9es dans leurs repr\u00e9sentations mentales. Les &hellip;<\/p>\n<p class=\"read-more\"> <a class=\"\" href=\"https:\/\/integ-bilingual-college.com\/fr\/multimedia-room-laboratory-test-and-measurement-room-wiring\/\"> <span class=\"screen-reader-text\">Multimedia room &#8211; Laboratory, test and measurement room &#8211; wiring<\/span> Read More &raquo;<\/a><\/p>\n","protected":false},"author":1,"featured_media":0,"parent":0,"menu_order":0,"comment_status":"closed","ping_status":"closed","template":"","meta":{"site-sidebar-layout":"no-sidebar","site-content-layout":"page-builder","ast-main-header-display":"","ast-hfb-above-header-display":"","ast-hfb-below-header-display":"","ast-hfb-mobile-header-display":"","site-post-title":"disabled","ast-breadcrumbs-content":"","ast-featured-img":"disabled","footer-sml-layout":"","theme-transparent-header-meta":"default","adv-header-id-meta":"","stick-header-meta":"","header-above-stick-meta":"","header-main-stick-meta":"","header-below-stick-meta":""},"translation":{"provider":"WPGlobus","version":"2.8.8","language":"fr","enabled_languages":["en","fr"],"languages":{"en":{"title":true,"content":true,"excerpt":false},"fr":{"title":true,"content":true,"excerpt":false}}},"_links":{"self":[{"href":"https:\/\/integ-bilingual-college.com\/fr\/wp-json\/wp\/v2\/pages\/736"}],"collection":[{"href":"https:\/\/integ-bilingual-college.com\/fr\/wp-json\/wp\/v2\/pages"}],"about":[{"href":"https:\/\/integ-bilingual-college.com\/fr\/wp-json\/wp\/v2\/types\/page"}],"author":[{"embeddable":true,"href":"https:\/\/integ-bilingual-college.com\/fr\/wp-json\/wp\/v2\/users\/1"}],"replies":[{"embeddable":true,"href":"https:\/\/integ-bilingual-college.com\/fr\/wp-json\/wp\/v2\/comments?post=736"}],"version-history":[{"count":85,"href":"https:\/\/integ-bilingual-college.com\/fr\/wp-json\/wp\/v2\/pages\/736\/revisions"}],"predecessor-version":[{"id":2890,"href":"https:\/\/integ-bilingual-college.com\/fr\/wp-json\/wp\/v2\/pages\/736\/revisions\/2890"}],"wp:attachment":[{"href":"https:\/\/integ-bilingual-college.com\/fr\/wp-json\/wp\/v2\/media?parent=736"}],"curies":[{"name":"wp","href":"https:\/\/api.w.org\/{rel}","templated":true}]}}