{"id":727,"date":"2021-01-29T20:13:54","date_gmt":"2021-01-29T20:13:54","guid":{"rendered":"https:\/\/integ-bilingual-college.com\/?page_id=727"},"modified":"2021-02-11T20:18:52","modified_gmt":"2021-02-11T20:18:52","slug":"the-infirmary","status":"publish","type":"page","link":"https:\/\/integ-bilingual-college.com\/fr\/the-infirmary\/","title":{"rendered":"The infirmary"},"content":{"rendered":"<h1>L\u2019infirmerie <\/h1>\n<ul>\n<li>\n\t\t\t\t\t\t\t\t\t<\/li>\n<\/ul>\n<p>Nous avons un r\u00e9f\u00e9rent sant\u00e9 dont le r\u00f4le est d\u2019accompagner les \u00e9l\u00e8ves, les enfants et le personnel dans les soins et les urgences. L\u2019infirmi\u00e8re joue \u00e9galement le r\u00f4le de pr\u00e9vention et d\u2019\u00e9ducation \u00e0 la sant\u00e9 en sensibilisant les \u00e9l\u00e8ves sur les r\u00e8gles d\u2019hygi\u00e8ne et de s\u00e9curit\u00e9 \u00e0 respecter.<\/p>\n<p>L\u2019infirmerie, situ\u00e9e au rez-de chauss\u00e9e, est \u00e9quip\u00e9e de 3 lits et d\u2019une salle de soins et d\u2019examens.<\/p>\n","protected":false},"excerpt":{"rendered":"<p>L\u2019infirmerie Nous avons un r\u00e9f\u00e9rent sant\u00e9 dont le r\u00f4le est d\u2019accompagner les \u00e9l\u00e8ves, les enfants et le personnel dans les soins et les urgences. L\u2019infirmi\u00e8re joue \u00e9galement le r\u00f4le de pr\u00e9vention et d\u2019\u00e9ducation \u00e0 la sant\u00e9 en sensibilisant les \u00e9l\u00e8ves sur les r\u00e8gles d\u2019hygi\u00e8ne et de s\u00e9curit\u00e9 \u00e0 respecter. L\u2019infirmerie, situ\u00e9e au rez-de chauss\u00e9e, est &hellip;<\/p>\n<p class=\"read-more\"> <a class=\"\" href=\"https:\/\/integ-bilingual-college.com\/fr\/the-infirmary\/\"> <span class=\"screen-reader-text\">The infirmary<\/span> Read More &raquo;<\/a><\/p>\n","protected":false},"author":1,"featured_media":0,"parent":0,"menu_order":0,"comment_status":"closed","ping_status":"closed","template":"","meta":{"site-sidebar-layout":"no-sidebar","site-content-layout":"page-builder","ast-main-header-display":"","ast-hfb-above-header-display":"","ast-hfb-below-header-display":"","ast-hfb-mobile-header-display":"","site-post-title":"disabled","ast-breadcrumbs-content":"","ast-featured-img":"disabled","footer-sml-layout":"","theme-transparent-header-meta":"default","adv-header-id-meta":"","stick-header-meta":"","header-above-stick-meta":"","header-main-stick-meta":"","header-below-stick-meta":""},"translation":{"provider":"WPGlobus","version":"2.8.8","language":"fr","enabled_languages":["en","fr"],"languages":{"en":{"title":true,"content":true,"excerpt":false},"fr":{"title":true,"content":true,"excerpt":false}}},"_links":{"self":[{"href":"https:\/\/integ-bilingual-college.com\/fr\/wp-json\/wp\/v2\/pages\/727"}],"collection":[{"href":"https:\/\/integ-bilingual-college.com\/fr\/wp-json\/wp\/v2\/pages"}],"about":[{"href":"https:\/\/integ-bilingual-college.com\/fr\/wp-json\/wp\/v2\/types\/page"}],"author":[{"embeddable":true,"href":"https:\/\/integ-bilingual-college.com\/fr\/wp-json\/wp\/v2\/users\/1"}],"replies":[{"embeddable":true,"href":"https:\/\/integ-bilingual-college.com\/fr\/wp-json\/wp\/v2\/comments?post=727"}],"version-history":[{"count":58,"href":"https:\/\/integ-bilingual-college.com\/fr\/wp-json\/wp\/v2\/pages\/727\/revisions"}],"predecessor-version":[{"id":2878,"href":"https:\/\/integ-bilingual-college.com\/fr\/wp-json\/wp\/v2\/pages\/727\/revisions\/2878"}],"wp:attachment":[{"href":"https:\/\/integ-bilingual-college.com\/fr\/wp-json\/wp\/v2\/media?parent=727"}],"curies":[{"name":"wp","href":"https:\/\/api.w.org\/{rel}","templated":true}]}}