{"id":719,"date":"2021-01-29T13:19:59","date_gmt":"2021-01-29T13:19:59","guid":{"rendered":"https:\/\/integ-bilingual-college.com\/?page_id=719"},"modified":"2021-02-11T20:14:20","modified_gmt":"2021-02-11T20:14:20","slug":"the-library","status":"publish","type":"page","link":"https:\/\/integ-bilingual-college.com\/fr\/the-library\/","title":{"rendered":"The library"},"content":{"rendered":"<h1>La biblioth\u00e8que <\/h1>\n<ul>\n<li>\n\t\t\t\t\t\t\t\t\t<\/li>\n<\/ul>\n<p>Pour soutenir l\u2019action de l\u2019enseignant et \u00e9tendre les connaissances des \u00e9l\u00e8ves, nous proposons un \u00e9ventail de livres<br \/>\net revues en coh\u00e9rence avec le programme scolaire.<\/p>\n<p>En plus de fournir des services de lecture, notre biblioth\u00e8que reste un moyen important d\u2019autoformation. Nous pensons que nos jeunes \u00e9l\u00e8ves doivent \u00eatre en mesure de d\u00e9velopper de nouvelles id\u00e9es et perspectives afin d\u2019\u00eatre toujours en phase avec un monde en perp\u00e9tuel mouvement.<\/p>\n","protected":false},"excerpt":{"rendered":"<p>La biblioth\u00e8que Pour soutenir l\u2019action de l\u2019enseignant et \u00e9tendre les connaissances des \u00e9l\u00e8ves, nous proposons un \u00e9ventail de livres et revues en coh\u00e9rence avec le programme scolaire. En plus de fournir des services de lecture, notre biblioth\u00e8que reste un moyen important d\u2019autoformation. Nous pensons que nos jeunes \u00e9l\u00e8ves doivent \u00eatre en mesure de d\u00e9velopper de &hellip;<\/p>\n<p class=\"read-more\"> <a class=\"\" href=\"https:\/\/integ-bilingual-college.com\/fr\/the-library\/\"> <span class=\"screen-reader-text\">The library<\/span> Read More &raquo;<\/a><\/p>\n","protected":false},"author":1,"featured_media":0,"parent":0,"menu_order":0,"comment_status":"closed","ping_status":"closed","template":"","meta":{"site-sidebar-layout":"no-sidebar","site-content-layout":"page-builder","ast-main-header-display":"","ast-hfb-above-header-display":"","ast-hfb-below-header-display":"","ast-hfb-mobile-header-display":"","site-post-title":"disabled","ast-breadcrumbs-content":"","ast-featured-img":"disabled","footer-sml-layout":"","theme-transparent-header-meta":"default","adv-header-id-meta":"","stick-header-meta":"","header-above-stick-meta":"","header-main-stick-meta":"","header-below-stick-meta":""},"translation":{"provider":"WPGlobus","version":"2.8.8","language":"fr","enabled_languages":["en","fr"],"languages":{"en":{"title":true,"content":true,"excerpt":false},"fr":{"title":true,"content":true,"excerpt":false}}},"_links":{"self":[{"href":"https:\/\/integ-bilingual-college.com\/fr\/wp-json\/wp\/v2\/pages\/719"}],"collection":[{"href":"https:\/\/integ-bilingual-college.com\/fr\/wp-json\/wp\/v2\/pages"}],"about":[{"href":"https:\/\/integ-bilingual-college.com\/fr\/wp-json\/wp\/v2\/types\/page"}],"author":[{"embeddable":true,"href":"https:\/\/integ-bilingual-college.com\/fr\/wp-json\/wp\/v2\/users\/1"}],"replies":[{"embeddable":true,"href":"https:\/\/integ-bilingual-college.com\/fr\/wp-json\/wp\/v2\/comments?post=719"}],"version-history":[{"count":43,"href":"https:\/\/integ-bilingual-college.com\/fr\/wp-json\/wp\/v2\/pages\/719\/revisions"}],"predecessor-version":[{"id":2863,"href":"https:\/\/integ-bilingual-college.com\/fr\/wp-json\/wp\/v2\/pages\/719\/revisions\/2863"}],"wp:attachment":[{"href":"https:\/\/integ-bilingual-college.com\/fr\/wp-json\/wp\/v2\/media?parent=719"}],"curies":[{"name":"wp","href":"https:\/\/api.w.org\/{rel}","templated":true}]}}