{"id":705,"date":"2021-01-29T13:02:32","date_gmt":"2021-01-29T13:02:32","guid":{"rendered":"https:\/\/integ-bilingual-college.com\/?page_id=705"},"modified":"2021-02-11T19:28:36","modified_gmt":"2021-02-11T19:28:36","slug":"catering","status":"publish","type":"page","link":"https:\/\/integ-bilingual-college.com\/fr\/catering\/","title":{"rendered":"Catering"},"content":{"rendered":"<h1>Le service de restauration <\/h1>\n<ul>\n<li>\n\t\t\t\t\t\t\t\t\t<\/li>\n<\/ul>\n<p>A Integ Bilingual College, nous proposons un service de restauration collective. Les \u00e9l\u00e8ves, les enseignants et le corps administratif disposent d\u2019un r\u00e9fectoire commun pour prendre les repas.<\/p>\n<p>Le service de la cantine s\u2019inscrit dans le cadre de la pause de midi et assure des repas \u00e9quilibr\u00e9s et diversifi\u00e9s. Les cuisines respectent les normes et r\u00e8gles d\u2019hygi\u00e8ne et de s\u00e9curit\u00e9 alimentaires.<\/p>\n","protected":false},"excerpt":{"rendered":"<p>Le service de restauration A Integ Bilingual College, nous proposons un service de restauration collective. Les \u00e9l\u00e8ves, les enseignants et le corps administratif disposent d\u2019un r\u00e9fectoire commun pour prendre les repas. Le service de la cantine s\u2019inscrit dans le cadre de la pause de midi et assure des repas \u00e9quilibr\u00e9s et diversifi\u00e9s. Les cuisines respectent &hellip;<\/p>\n<p class=\"read-more\"> <a class=\"\" href=\"https:\/\/integ-bilingual-college.com\/fr\/catering\/\"> <span class=\"screen-reader-text\">Catering<\/span> Read More &raquo;<\/a><\/p>\n","protected":false},"author":1,"featured_media":0,"parent":0,"menu_order":0,"comment_status":"closed","ping_status":"closed","template":"","meta":{"site-sidebar-layout":"no-sidebar","site-content-layout":"page-builder","ast-main-header-display":"","ast-hfb-above-header-display":"","ast-hfb-below-header-display":"","ast-hfb-mobile-header-display":"","site-post-title":"disabled","ast-breadcrumbs-content":"","ast-featured-img":"disabled","footer-sml-layout":"","theme-transparent-header-meta":"default","adv-header-id-meta":"","stick-header-meta":"","header-above-stick-meta":"","header-main-stick-meta":"","header-below-stick-meta":""},"translation":{"provider":"WPGlobus","version":"2.8.8","language":"fr","enabled_languages":["en","fr"],"languages":{"en":{"title":true,"content":true,"excerpt":false},"fr":{"title":true,"content":true,"excerpt":false}}},"_links":{"self":[{"href":"https:\/\/integ-bilingual-college.com\/fr\/wp-json\/wp\/v2\/pages\/705"}],"collection":[{"href":"https:\/\/integ-bilingual-college.com\/fr\/wp-json\/wp\/v2\/pages"}],"about":[{"href":"https:\/\/integ-bilingual-college.com\/fr\/wp-json\/wp\/v2\/types\/page"}],"author":[{"embeddable":true,"href":"https:\/\/integ-bilingual-college.com\/fr\/wp-json\/wp\/v2\/users\/1"}],"replies":[{"embeddable":true,"href":"https:\/\/integ-bilingual-college.com\/fr\/wp-json\/wp\/v2\/comments?post=705"}],"version-history":[{"count":49,"href":"https:\/\/integ-bilingual-college.com\/fr\/wp-json\/wp\/v2\/pages\/705\/revisions"}],"predecessor-version":[{"id":2851,"href":"https:\/\/integ-bilingual-college.com\/fr\/wp-json\/wp\/v2\/pages\/705\/revisions\/2851"}],"wp:attachment":[{"href":"https:\/\/integ-bilingual-college.com\/fr\/wp-json\/wp\/v2\/media?parent=705"}],"curies":[{"name":"wp","href":"https:\/\/api.w.org\/{rel}","templated":true}]}}