{"id":684,"date":"2021-01-29T12:40:09","date_gmt":"2021-01-29T12:40:09","guid":{"rendered":"https:\/\/integ-bilingual-college.com\/?page_id=684"},"modified":"2021-02-11T19:16:52","modified_gmt":"2021-02-11T19:16:52","slug":"presentation-of-the-parents-school","status":"publish","type":"page","link":"https:\/\/integ-bilingual-college.com\/fr\/presentation-of-the-parents-school\/","title":{"rendered":"Presentation of the Parents&#8217; School"},"content":{"rendered":"<h1>Pr\u00e9sentation de l\u2019Ecole des Parents <\/h1>\n<ul>\n<li>\n\t\t\t\t\t\t\t\t\t<\/li>\n<\/ul>\n<p>Les parents et l&#8217;\u00e9cole ont le m\u00eame objectif : que chaque enfant r\u00e9ussisse sa scolarit\u00e9. Les parents souhaitent faire entendre leur point de vue et leurs attentes pour leurs enfants, principalement sur les outils p\u00e9dagogiques utilis\u00e9s par les enseignants. <\/p>\n<p>C\u2019est cette vision que l\u2019IBC poursuit en d\u00e9fendant les int\u00e9r\u00eats mat\u00e9riels et p\u00e9dagogiques de l\u2019\u00e9tablissement. Les parents sont des acteurs de l\u2019\u00e9cole \u00e0 part enti\u00e8re, et, s\u2019ils \u00e9voluent en dehors des murs, ils ont le droit \u00e0 la parole lorsqu\u2019il s\u2019agit de l\u2019enseignement prodigu\u00e9 \u00e0 leurs enfants.<br \/>\n<br \/>Nous sommes jusqu\u2019ici \u00e0 IBC le seul \u00e9tablissement scolaire qui instaure \u00ab l\u2019\u00e9cole des parents \u00bb comme activit\u00e9 psycho\u00e9ducative. C\u2019est un forum anim\u00e9 par un psychologue et qui vise \u00e0 donner aux parents des outils pouvant leur permettre de comprendre leurs enfants et d\u2019\u00e9tablir avec eux un climat harmonieux dans la perspective de leur r\u00e9ussite scolaire et sociale. Ces rencontres sont organis\u00e9es une fois par trimestre et la pr\u00e9sence des parents est obligatoire. Les \u00e9changes se d\u00e9roulent dans une atmosph\u00e8re d\u00e9tendue et ouverte. A la fin de la s\u00e9ance, un compterendu r\u00e9capitule fid\u00e8lement les \u00e9changes et formalise les d\u00e9cisions prises et les actions lanc\u00e9es.<\/p>\n","protected":false},"excerpt":{"rendered":"<p>Pr\u00e9sentation de l\u2019Ecole des Parents Les parents et l&#8217;\u00e9cole ont le m\u00eame objectif : que chaque enfant r\u00e9ussisse sa scolarit\u00e9. Les parents souhaitent faire entendre leur point de vue et leurs attentes pour leurs enfants, principalement sur les outils p\u00e9dagogiques utilis\u00e9s par les enseignants. C\u2019est cette vision que l\u2019IBC poursuit en d\u00e9fendant les int\u00e9r\u00eats mat\u00e9riels &hellip;<\/p>\n<p class=\"read-more\"> <a class=\"\" href=\"https:\/\/integ-bilingual-college.com\/fr\/presentation-of-the-parents-school\/\"> <span class=\"screen-reader-text\">Presentation of the Parents&#8217; School<\/span> Read More &raquo;<\/a><\/p>\n","protected":false},"author":1,"featured_media":0,"parent":0,"menu_order":0,"comment_status":"closed","ping_status":"closed","template":"","meta":{"site-sidebar-layout":"no-sidebar","site-content-layout":"page-builder","ast-main-header-display":"","ast-hfb-above-header-display":"","ast-hfb-below-header-display":"","ast-hfb-mobile-header-display":"","site-post-title":"disabled","ast-breadcrumbs-content":"","ast-featured-img":"disabled","footer-sml-layout":"","theme-transparent-header-meta":"default","adv-header-id-meta":"","stick-header-meta":"","header-above-stick-meta":"","header-main-stick-meta":"","header-below-stick-meta":""},"translation":{"provider":"WPGlobus","version":"2.8.8","language":"fr","enabled_languages":["en","fr"],"languages":{"en":{"title":true,"content":true,"excerpt":false},"fr":{"title":true,"content":true,"excerpt":false}}},"_links":{"self":[{"href":"https:\/\/integ-bilingual-college.com\/fr\/wp-json\/wp\/v2\/pages\/684"}],"collection":[{"href":"https:\/\/integ-bilingual-college.com\/fr\/wp-json\/wp\/v2\/pages"}],"about":[{"href":"https:\/\/integ-bilingual-college.com\/fr\/wp-json\/wp\/v2\/types\/page"}],"author":[{"embeddable":true,"href":"https:\/\/integ-bilingual-college.com\/fr\/wp-json\/wp\/v2\/users\/1"}],"replies":[{"embeddable":true,"href":"https:\/\/integ-bilingual-college.com\/fr\/wp-json\/wp\/v2\/comments?post=684"}],"version-history":[{"count":64,"href":"https:\/\/integ-bilingual-college.com\/fr\/wp-json\/wp\/v2\/pages\/684\/revisions"}],"predecessor-version":[{"id":2839,"href":"https:\/\/integ-bilingual-college.com\/fr\/wp-json\/wp\/v2\/pages\/684\/revisions\/2839"}],"wp:attachment":[{"href":"https:\/\/integ-bilingual-college.com\/fr\/wp-json\/wp\/v2\/media?parent=684"}],"curies":[{"name":"wp","href":"https:\/\/api.w.org\/{rel}","templated":true}]}}