{"id":611,"date":"2021-01-29T10:51:12","date_gmt":"2021-01-29T10:51:12","guid":{"rendered":"https:\/\/integ-bilingual-college.com\/?page_id=611"},"modified":"2021-02-11T20:29:18","modified_gmt":"2021-02-11T20:29:18","slug":"training","status":"publish","type":"page","link":"https:\/\/integ-bilingual-college.com\/fr\/training\/","title":{"rendered":"Training"},"content":{"rendered":"<h1>Formation<\/h1>\n<h2>Le Coll\u00e8ge propose dans son portefeuille plusieurs types de formation :<\/h2>\n<p>\t\t\t\t\t\t\t\t\t\t<img width=\"1024\" height=\"682\" src=\"https:\/\/integ-bilingual-college.com\/wp-content\/uploads\/2021\/01\/france-28463_1280-1024x682.png\" alt=\"\" loading=\"lazy\" srcset=\"https:\/\/integ-bilingual-college.com\/wp-content\/uploads\/2021\/01\/france-28463_1280-1024x682.png 1024w, https:\/\/integ-bilingual-college.com\/wp-content\/uploads\/2021\/01\/france-28463_1280-300x200.png 300w, https:\/\/integ-bilingual-college.com\/wp-content\/uploads\/2021\/01\/france-28463_1280-768x512.png 768w, https:\/\/integ-bilingual-college.com\/wp-content\/uploads\/2021\/01\/france-28463_1280.png 1280w\" sizes=\"(max-width: 1024px) 100vw, 1024px\" \/>\t\t\t\t\t\t\t\t\t\t\t<\/p>\n<h2>Section francophone \u2013 enseignement g\u00e9n\u00e9ral<br \/>\n<\/h2>\n<h2>&#8211; 1er cycle : de 6e \u00e0 3e<\/h2>\n<h3>\n\t\t\t\t\tDe 6\u00e8 \u00e0 5\u00e8<br \/>\n\t\t\t\t<\/h3>\n<p>en section de base <\/p>\n<h2>&#8211; 2nd cycle : de 2nde en Terminale<\/h2>\n<h3>\n\t\t\t\t\tDe 4\u00e8 en 3\u00e8<br \/>\n\t\t\t\t<\/h3>\n<p>au choix une 2\u00e8 langue vivante, espagnol ou allemand<\/p>\n<h3>\n\t\t\t\t\tS\u00e9rie A ou Litt\u00e9rature<br \/>\n\t\t\t\t<\/h3>\n<p>avec au choix une 2\u00e8 langue vivante, espagnol ou allemand\n<\/p>\n<h2>&#8211; A partir de la 1\u00e8re<\/h2>\n<h3>\n\t\t\t\t\tS\u00e9rie C ou Scientifique<br \/>\n\t\t\t\t<\/h3>\n<p>avec pour sp\u00e9cialit\u00e9s les math\u00e9matiques et sciences physiques<\/p>\n<h3>\n\t\t\t\t\tS\u00e9rie C<br \/>\n\t\t\t\t<\/h3>\n<p>ou sp\u00e9cialit\u00e9s math\u00e9matiques et sciences physiques<\/p>\n<h3>\n\t\t\t\t\tS\u00e9rie D<br \/>\n\t\t\t\t<\/h3>\n<p>ou sp\u00e9cialit\u00e9s math\u00e9matiques et sciences de la vie et de la terre<\/p>\n<p>\t\t\t\t\t\t\t\t\t\t<img width=\"1024\" height=\"909\" src=\"https:\/\/integ-bilingual-college.com\/wp-content\/uploads\/2021\/01\/industrial-safety-1492062_1280-1024x909.png\" alt=\"\" loading=\"lazy\" srcset=\"https:\/\/integ-bilingual-college.com\/wp-content\/uploads\/2021\/01\/industrial-safety-1492062_1280-1024x909.png 1024w, https:\/\/integ-bilingual-college.com\/wp-content\/uploads\/2021\/01\/industrial-safety-1492062_1280-300x266.png 300w, https:\/\/integ-bilingual-college.com\/wp-content\/uploads\/2021\/01\/industrial-safety-1492062_1280-768x682.png 768w, https:\/\/integ-bilingual-college.com\/wp-content\/uploads\/2021\/01\/industrial-safety-1492062_1280.png 1080w\" sizes=\"(max-width: 1024px) 100vw, 1024px\" \/>\t\t\t\t\t\t\t\t\t\t\t<\/p>\n<h2>Section francophone \u2013 enseignement technique option \u00e9lectricit\u00e9<\/h2>\n<h2>&#8211; 1er cycle : de 1ere \u00e0 4e ann\u00e9e<\/h2>\n<h2>&#8211; 2nd cycle : de 2nde \u00e0 Terminale F3 \u00e9lectricit\u00e9<br \/>\n<\/h2>\n<p>\t\t\t\t\t\t\t\t\t\t<img width=\"1024\" height=\"608\" src=\"https:\/\/integ-bilingual-college.com\/wp-content\/uploads\/2021\/01\/union-jack-26119_1280-1024x608.png\" alt=\"\" loading=\"lazy\" srcset=\"https:\/\/integ-bilingual-college.com\/wp-content\/uploads\/2021\/01\/union-jack-26119_1280-1024x608.png 1024w, https:\/\/integ-bilingual-college.com\/wp-content\/uploads\/2021\/01\/union-jack-26119_1280-300x178.png 300w, https:\/\/integ-bilingual-college.com\/wp-content\/uploads\/2021\/01\/union-jack-26119_1280-768x456.png 768w, https:\/\/integ-bilingual-college.com\/wp-content\/uploads\/2021\/01\/union-jack-26119_1280.png 1080w\" sizes=\"(max-width: 1024px) 100vw, 1024px\" \/>\t\t\t\t\t\t\t\t\t\t\t<\/p>\n<h2>Section anglophone \u2013 enseignement g\u00e9n\u00e9ral &#038; technique<br \/>\n<\/h2>\n<h2>&#8211; De Form 1 \u00e0 Upper Sixth Art, Science<\/h2>\n<h2>&#8211; De Form 1 \u00e0 Upper Sixth <\/h2>\n<h3>\n\t\t\t\t<\/h3>\n<p>(Electricity, Commercial with specialities in accounting and marketing)<\/p>\n","protected":false},"excerpt":{"rendered":"<p>Formation Le Coll\u00e8ge propose dans son portefeuille plusieurs types de formation : Section francophone \u2013 enseignement g\u00e9n\u00e9ral &#8211; 1er cycle : de 6e \u00e0 3e De 6\u00e8 \u00e0 5\u00e8 en section de base &#8211; 2nd cycle : de 2nde en Terminale De 4\u00e8 en 3\u00e8 au choix une 2\u00e8 langue vivante, espagnol ou allemand S\u00e9rie &hellip;<\/p>\n<p class=\"read-more\"> <a class=\"\" href=\"https:\/\/integ-bilingual-college.com\/fr\/training\/\"> <span class=\"screen-reader-text\">Training<\/span> Read More &raquo;<\/a><\/p>\n","protected":false},"author":1,"featured_media":0,"parent":0,"menu_order":0,"comment_status":"closed","ping_status":"closed","template":"","meta":{"site-sidebar-layout":"no-sidebar","site-content-layout":"page-builder","ast-main-header-display":"","ast-hfb-above-header-display":"","ast-hfb-below-header-display":"","ast-hfb-mobile-header-display":"","site-post-title":"disabled","ast-breadcrumbs-content":"","ast-featured-img":"disabled","footer-sml-layout":"","theme-transparent-header-meta":"default","adv-header-id-meta":"","stick-header-meta":"","header-above-stick-meta":"","header-main-stick-meta":"","header-below-stick-meta":""},"translation":{"provider":"WPGlobus","version":"2.8.8","language":"fr","enabled_languages":["en","fr"],"languages":{"en":{"title":true,"content":true,"excerpt":false},"fr":{"title":true,"content":true,"excerpt":false}}},"_links":{"self":[{"href":"https:\/\/integ-bilingual-college.com\/fr\/wp-json\/wp\/v2\/pages\/611"}],"collection":[{"href":"https:\/\/integ-bilingual-college.com\/fr\/wp-json\/wp\/v2\/pages"}],"about":[{"href":"https:\/\/integ-bilingual-college.com\/fr\/wp-json\/wp\/v2\/types\/page"}],"author":[{"embeddable":true,"href":"https:\/\/integ-bilingual-college.com\/fr\/wp-json\/wp\/v2\/users\/1"}],"replies":[{"embeddable":true,"href":"https:\/\/integ-bilingual-college.com\/fr\/wp-json\/wp\/v2\/comments?post=611"}],"version-history":[{"count":163,"href":"https:\/\/integ-bilingual-college.com\/fr\/wp-json\/wp\/v2\/pages\/611\/revisions"}],"predecessor-version":[{"id":2926,"href":"https:\/\/integ-bilingual-college.com\/fr\/wp-json\/wp\/v2\/pages\/611\/revisions\/2926"}],"wp:attachment":[{"href":"https:\/\/integ-bilingual-college.com\/fr\/wp-json\/wp\/v2\/media?parent=611"}],"curies":[{"name":"wp","href":"https:\/\/api.w.org\/{rel}","templated":true}]}}