{"id":3225,"date":"2021-02-16T18:08:43","date_gmt":"2021-02-16T18:08:43","guid":{"rendered":"https:\/\/integ-bilingual-college.com\/?page_id=3225"},"modified":"2021-02-19T22:30:42","modified_gmt":"2021-02-19T22:30:42","slug":"protection-des-donnees","status":"publish","type":"page","link":"https:\/\/integ-bilingual-college.com\/fr\/protection-des-donnees\/","title":{"rendered":"Politique de confidentialit\u00e9"},"content":{"rendered":"<p><strong>Politique de confidentialit\u00e9<\/strong><br \/>Nous nous r\u00e9jouissons de votre int\u00e9r\u00eat pour notre \u00e9cole.<br \/>Nous prenons tr\u00e8s au s\u00e9rieux la protection de vos donn\u00e9es priv\u00e9es. Les op\u00e9rateurs de ce site<br \/>s\u2019engagent \u00e0 se taire.<br \/>L\u2019utilisation des pages Internet du Coll\u00e8ge Bilingue Integ est en principe possible sans aucune<br \/>indication de donn\u00e9es personnelles. Toutefois, si une personne concern\u00e9e souhaite b\u00e9n\u00e9ficier de<br \/>services sp\u00e9cifiques de notre entreprise via notre site Internet, un traitement de donn\u00e9es<br \/>personnelles pourrait s\u2019av\u00e9rer n\u00e9cessaire. Si le traitement des donn\u00e9es \u00e0 caract\u00e8re personnel est<br \/>n\u00e9cessaire et qu\u2019il n\u2019existe pas de base l\u00e9gale pour ce traitement, nous demandons<br \/>g\u00e9n\u00e9ralement le consentement de la personne concern\u00e9e.<br \/>Le traitement des donn\u00e9es \u00e0 caract\u00e8re personnel, tels que le nom, l\u2019adresse, l\u2019adresse<br \/>\u00e9lectronique ou le num\u00e9ro de t\u00e9l\u00e9phone d\u2019une personne concern\u00e9e, est toujours effectu\u00e9<br \/>conform\u00e9ment au r\u00e8glement g\u00e9n\u00e9ral sur la protection des donn\u00e9es et aux r\u00e8gles nationales<br \/>applicables en mati\u00e8re de protection des donn\u00e9es. Par cette d\u00e9claration de confidentialit\u00e9, notre<br \/>\u00e9cole souhaite informer le public de la nature, de l\u2019\u00e9tendue et de la finalit\u00e9 des donn\u00e9es<br \/>personnelles que nous avons collect\u00e9es, utilis\u00e9es et trait\u00e9es. En outre, cette d\u00e9claration de<br \/>confidentialit\u00e9 informe les personnes concern\u00e9es des droits qui leur sont conf\u00e9r\u00e9s.<\/p>\n<p><strong>Avis \u00e0 l\u2019autorit\u00e9 responsable:<\/strong><br \/>L\u2019entit\u00e9 responsable du traitement des donn\u00e9es sur ce site web est:<\/p>\n<p>Coll\u00e8ge Integ Bilingue<br \/>B.P. 592 Douala<br \/>Cameroun<br \/>T\u00e9l\u00e9phone:<br \/>+237 6 99 92 90 63<br \/>+49 174 47 48 333<br \/>E-Mail:<br \/><a href=\"mailto:contact@integ-bilingual-college.com\">contact@integ-bilingual-college.com<\/a><\/p>\n<p><strong>Donn\u00e9es \u00e0 caract\u00e8re personnel:<\/strong><br \/>Les donn\u00e9es personnelles sont des informations qui peuvent \u00eatre utilis\u00e9es pour conna\u00eetre<br \/>l\u2019identit\u00e9. Il s\u2019agit d\u2019informations telles que le vrai nom, l\u2019adresse, l\u2019adresse postale, le num\u00e9ro de<br \/>t\u00e9l\u00e9phone.<br \/>Nous n\u2019utilisons les donn\u00e9es personnelles \u00e0 des fins de gestion de la client\u00e8le que dans la<br \/>mesure n\u00e9cessaire \u00e0 cet effet.<\/p>\n<p><strong>Transfert de donn\u00e9es \u00e0 caract\u00e8re personnel:<\/strong><br \/>Nous utilisons des informations personnelles uniquement pour ce site. Nous ne transmettons pas<br \/>les informations \u00e0 des tiers sans l\u2019accord expr\u00e8s.<br \/>Les enqu\u00eates ou transmissions de donn\u00e9es \u00e0 caract\u00e8re personnel aux institutions et aux<br \/>autorit\u00e9s publiques ne sont effectu\u00e9es que dans le cadre d\u2019une l\u00e9gislation contraignante.<\/p>\n<p><strong>Enfants:<\/strong><br \/>Les personnes de moins de 21 ans ne devraient pas nous transmettre de donn\u00e9es personnelles<br \/>sans le consentement de leurs parents ou de leurs tuteurs l\u00e9gaux. Nous ne demandons pas de<br \/>donn\u00e9es personnelles sur les enfants, nous ne les collectons pas et ne les transmettons pas \u00e0<br \/>des tiers.<\/p>\n<p><strong>Liens vers d\u2019autres sites:<\/strong><br \/>Notre offre en ligne ne contient en principe aucun lien vers d\u2019autres sites Web.<\/p>\n<p><strong>Questions et commentaires:<\/strong><br \/>Pour toute question et pour toute suggestion et commentaire concernant la protection des<br \/>donn\u00e9es, veuillez envoyer un courrier \u00e9lectronique \u00e0 <a href=\"mailto:contact@integ-bilingual-college.com\">contact@integ-bilingual-college.com<\/a><\/p>\n<p><strong>R\u00e9vocation de votre consentement au traitement des donn\u00e9es:<\/strong><br \/>De nombreuses op\u00e9rations de traitement des donn\u00e9es ne sont possibles qu\u2019avec votre<br \/>consentement explicite. Vous pouvez r\u00e9voquer \u00e0 tout moment un consentement d\u00e9j\u00e0 donn\u00e9.<br \/>Pour ce faire, il suffit d\u2019une communication informelle par e-mail. La r\u00e9vocation n\u2019affecte pas la<br \/>l\u00e9galit\u00e9 du traitement des donn\u00e9es jusqu\u2019\u00e0 la r\u00e9vocation.<\/p>\n<p><strong>Droit \u00e0 la portabilit\u00e9 des donn\u00e9es:<\/strong><br \/>Vous avez le droit de vous faire remettre des donn\u00e9es que nous traitons de mani\u00e8re automatis\u00e9e<br \/>sur la base de votre consentement ou en ex\u00e9cution d\u2019un contrat dans un format couramment<br \/>lisible par machine. Si vous demandez le transfert direct des donn\u00e9es \u00e0 un autre responsable,<br \/>cela ne se fera que dans la mesure o\u00f9 cela est techniquement faisable.<\/p>\n<p><strong>Informations, verrouillage, suppression:<\/strong><br \/>Vous disposez \u00e0 tout moment, dans le cadre de la l\u00e9gislation en vigueur, du droit d\u2019\u00eatre inform\u00e9<br \/>gratuitement de vos donn\u00e9es \u00e0 caract\u00e8re personnel, de leur origine et de leurs destinataires ainsi<br \/>que des finalit\u00e9s du traitement des donn\u00e9es et, le cas \u00e9ch\u00e9ant, d\u2019un droit de rectification, de<br \/>blocage ou d\u2019effacement de ces donn\u00e9es. Pour ce faire, ainsi que pour d\u2019autres questions<br \/>concernant les donn\u00e9es personnelles, vous pouvez nous contacter \u00e0 tout moment \u00e0 l\u2019adresse<br \/>indiqu\u00e9e dans les mentions l\u00e9gales<\/p>\n<p><strong>Message de s\u00e9curit\u00e9:<\/strong><br \/>Nous nous effor\u00e7ons de stocker vos donn\u00e9es personnelles en saisssant toutes les possibilit\u00e9s<br \/>techniques et organisationnelles afin qu\u2019elles ne soient pas accessibles \u00e0 des tiers. En cas de<br \/>communication par e-mail, nous ne pouvons pas garantir la s\u00e9curit\u00e9 compl\u00e8te des donn\u00e9es de<br \/>notre part, de sorte que nous vous recommandons la voie postale pour des informations<br \/>confidentielles.<\/p>\n","protected":false},"excerpt":{"rendered":"<p>Politique de confidentialit\u00e9Nous nous r\u00e9jouissons de votre int\u00e9r\u00eat pour notre \u00e9cole.Nous prenons tr\u00e8s au s\u00e9rieux la protection de vos donn\u00e9es priv\u00e9es. Les op\u00e9rateurs de ce sites\u2019engagent \u00e0 se taire.L\u2019utilisation des pages Internet du Coll\u00e8ge Bilingue Integ est en principe possible sans aucuneindication de donn\u00e9es personnelles. Toutefois, si une personne concern\u00e9e souhaite b\u00e9n\u00e9ficier deservices sp\u00e9cifiques de &hellip;<\/p>\n<p class=\"read-more\"> <a class=\"\" href=\"https:\/\/integ-bilingual-college.com\/fr\/protection-des-donnees\/\"> <span class=\"screen-reader-text\">Politique de confidentialit\u00e9<\/span> Read More &raquo;<\/a><\/p>\n","protected":false},"author":1,"featured_media":0,"parent":0,"menu_order":0,"comment_status":"closed","ping_status":"closed","template":"","meta":{"site-sidebar-layout":"no-sidebar","site-content-layout":"page-builder","ast-main-header-display":"","ast-hfb-above-header-display":"","ast-hfb-below-header-display":"","ast-hfb-mobile-header-display":"","site-post-title":"disabled","ast-breadcrumbs-content":"","ast-featured-img":"disabled","footer-sml-layout":"","theme-transparent-header-meta":"default","adv-header-id-meta":"","stick-header-meta":"","header-above-stick-meta":"","header-main-stick-meta":"","header-below-stick-meta":""},"translation":{"provider":"WPGlobus","version":"2.8.8","language":"fr","enabled_languages":["en","fr"],"languages":{"en":{"title":true,"content":true,"excerpt":false},"fr":{"title":true,"content":true,"excerpt":false}}},"_links":{"self":[{"href":"https:\/\/integ-bilingual-college.com\/fr\/wp-json\/wp\/v2\/pages\/3225"}],"collection":[{"href":"https:\/\/integ-bilingual-college.com\/fr\/wp-json\/wp\/v2\/pages"}],"about":[{"href":"https:\/\/integ-bilingual-college.com\/fr\/wp-json\/wp\/v2\/types\/page"}],"author":[{"embeddable":true,"href":"https:\/\/integ-bilingual-college.com\/fr\/wp-json\/wp\/v2\/users\/1"}],"replies":[{"embeddable":true,"href":"https:\/\/integ-bilingual-college.com\/fr\/wp-json\/wp\/v2\/comments?post=3225"}],"version-history":[{"count":42,"href":"https:\/\/integ-bilingual-college.com\/fr\/wp-json\/wp\/v2\/pages\/3225\/revisions"}],"predecessor-version":[{"id":3355,"href":"https:\/\/integ-bilingual-college.com\/fr\/wp-json\/wp\/v2\/pages\/3225\/revisions\/3355"}],"wp:attachment":[{"href":"https:\/\/integ-bilingual-college.com\/fr\/wp-json\/wp\/v2\/media?parent=3225"}],"curies":[{"name":"wp","href":"https:\/\/api.w.org\/{rel}","templated":true}]}}