{"id":3215,"date":"2021-02-16T17:47:55","date_gmt":"2021-02-16T17:47:55","guid":{"rendered":"https:\/\/integ-bilingual-college.com\/?page_id=3215"},"modified":"2021-02-19T15:08:47","modified_gmt":"2021-02-19T15:08:47","slug":"mentions-legales","status":"publish","type":"page","link":"https:\/\/integ-bilingual-college.com\/fr\/mentions-legales\/","title":{"rendered":"Mentions l\u00e9gales"},"content":{"rendered":"<p><strong>Mentions l\u00e9gales Coll\u00e8ge Integ Bilingue<\/strong><\/p>\n<p>Coll\u00e8ge Integ Bilingue<br \/>B.P. 592 Douala<br \/>Cameroun<\/p>\n<p><strong>Repr\u00e9sent\u00e9 par:<\/strong><br \/>Lydia Tzoump\u00e9<br \/>Jacky Diane Tzoump\u00e9<\/p>\n<p><strong>Contact:<\/strong><br \/>T\u00e9l\u00e9phone:<br \/>+237 6 99 92 90 63<br \/>+49 174 47 48 333<\/p>\n<p><strong>E-Mail:<\/strong><br \/><a href=\"mailto:contact@integ-bilingual-college.com\">contact@integ-bilingual-college.com<\/a><\/p>\n<p><strong>Registre:<\/strong><br \/>Le Coll\u00e8ge Integ a \u00e9t\u00e9 cr\u00e9\u00e9e selon la lettre No J2\/707\/Mineduc\/DEP du 02\/04\/1976 et l\u2019arr\u00eat\u00e9 No<br \/>40\/15\/MineSEC\/SG\/DESG\/SDSEPESG\/SSGEPESG du 23\/02\/2015. Il est immatricul\u00e9<br \/>7IC2GWBD112787115 au Minist\u00e8re de l\u2019Education Nationale<\/p>\n<p><strong>Responsabilit\u00e9 pour le contenu:<\/strong><br \/>En tant qu\u2019entreprise, nous sommes tenus de supprimer ou de bloquer l\u2019utilisation de<br \/>l\u2019information en vertu des lois g\u00e9n\u00e9rales. Toutefois, la responsabilit\u00e9 en la mati\u00e8re n\u2019est possible<br \/>qu\u2019\u00e0 partir de la date de la connaissance d\u2019une infraction concr\u00e8te. Nous supprimerons<br \/>imm\u00e9diatement ce contenu si nous apprenons les violations de ces droits.<\/p>\n<p><strong>Droit d\u2019auteur:<\/strong><br \/>La reproduction, le traitement, la diffusion et tout type d\u2019exploitation en dehors des limites du droit<br \/>d\u2019auteur sont soumis \u00e0 l\u2019autorisation \u00e9crite de l\u2019auteur ou du cr\u00e9ateur concern\u00e9. Les<br \/>t\u00e9l\u00e9chargements et les copies de cette page ne sont autoris\u00e9s que pour un usage priv\u00e9 et non<br \/>commercial.<br \/>Dans la mesure o\u00f9 le contenu de cette page n\u2019a pas \u00e9t\u00e9 cr\u00e9\u00e9 par l\u2019op\u00e9rateur, les droits d\u2019auteur<br \/>des tiers sont respect\u00e9s. En particulier, le contenu de tiers est identifi\u00e9 comme tel. Si vous<br \/>remarquez quand m\u00eame une violation du droit d\u2019auteur, nous vous demandons une indication \u00e0<br \/>ce sujet. En cas de violation de la loi, nous supprimerons imm\u00e9diatement ce contenu.<\/p>\n<p><strong>Mise en oeuvre par:<\/strong><br \/>[<a href=\"https:\/\/e-wola.de\/\">e-wola Webdesign Augsburg<\/a>]<\/p>\n","protected":false},"excerpt":{"rendered":"<p>Mentions l\u00e9gales Coll\u00e8ge Integ Bilingue Coll\u00e8ge Integ BilingueB.P. 592 DoualaCameroun Repr\u00e9sent\u00e9 par:Lydia Tzoump\u00e9Jacky Diane Tzoump\u00e9 Contact:T\u00e9l\u00e9phone:+237 6 99 92 90 63+49 174 47 48 333 E-Mail:contact@integ-bilingual-college.com Registre:Le Coll\u00e8ge Integ a \u00e9t\u00e9 cr\u00e9\u00e9e selon la lettre No J2\/707\/Mineduc\/DEP du 02\/04\/1976 et l\u2019arr\u00eat\u00e9 No40\/15\/MineSEC\/SG\/DESG\/SDSEPESG\/SSGEPESG du 23\/02\/2015. Il est immatricul\u00e97IC2GWBD112787115 au Minist\u00e8re de l\u2019Education Nationale Responsabilit\u00e9 pour le &hellip;<\/p>\n<p class=\"read-more\"> <a class=\"\" href=\"https:\/\/integ-bilingual-college.com\/fr\/mentions-legales\/\"> <span class=\"screen-reader-text\">Mentions l\u00e9gales<\/span> Read More &raquo;<\/a><\/p>\n","protected":false},"author":1,"featured_media":0,"parent":0,"menu_order":0,"comment_status":"closed","ping_status":"closed","template":"","meta":{"site-sidebar-layout":"no-sidebar","site-content-layout":"page-builder","ast-main-header-display":"","ast-hfb-above-header-display":"","ast-hfb-below-header-display":"","ast-hfb-mobile-header-display":"","site-post-title":"disabled","ast-breadcrumbs-content":"","ast-featured-img":"disabled","footer-sml-layout":"","theme-transparent-header-meta":"default","adv-header-id-meta":"","stick-header-meta":"","header-above-stick-meta":"","header-main-stick-meta":"","header-below-stick-meta":""},"translation":{"provider":"WPGlobus","version":"2.8.8","language":"fr","enabled_languages":["en","fr"],"languages":{"en":{"title":true,"content":true,"excerpt":false},"fr":{"title":true,"content":true,"excerpt":false}}},"_links":{"self":[{"href":"https:\/\/integ-bilingual-college.com\/fr\/wp-json\/wp\/v2\/pages\/3215"}],"collection":[{"href":"https:\/\/integ-bilingual-college.com\/fr\/wp-json\/wp\/v2\/pages"}],"about":[{"href":"https:\/\/integ-bilingual-college.com\/fr\/wp-json\/wp\/v2\/types\/page"}],"author":[{"embeddable":true,"href":"https:\/\/integ-bilingual-college.com\/fr\/wp-json\/wp\/v2\/users\/1"}],"replies":[{"embeddable":true,"href":"https:\/\/integ-bilingual-college.com\/fr\/wp-json\/wp\/v2\/comments?post=3215"}],"version-history":[{"count":54,"href":"https:\/\/integ-bilingual-college.com\/fr\/wp-json\/wp\/v2\/pages\/3215\/revisions"}],"predecessor-version":[{"id":3339,"href":"https:\/\/integ-bilingual-college.com\/fr\/wp-json\/wp\/v2\/pages\/3215\/revisions\/3339"}],"wp:attachment":[{"href":"https:\/\/integ-bilingual-college.com\/fr\/wp-json\/wp\/v2\/media?parent=3215"}],"curies":[{"name":"wp","href":"https:\/\/api.w.org\/{rel}","templated":true}]}}