{"id":312,"date":"2021-01-26T20:12:24","date_gmt":"2021-01-26T20:12:24","guid":{"rendered":"https:\/\/integ-bilingual-college.com\/?page_id=312"},"modified":"2021-02-11T20:25:28","modified_gmt":"2021-02-11T20:25:28","slug":"teachers","status":"publish","type":"page","link":"https:\/\/integ-bilingual-college.com\/fr\/teachers\/","title":{"rendered":"Teachers"},"content":{"rendered":"<h1>Les enseignants<\/h1>\n<ul>\n<li>Fran\u00e7ais<\/li>\n<li>Histoire<\/li>\n<li>G\u00e9ographie<\/li>\n<li>Math\u00e9matiques<\/li>\n<li>Physiques<\/li>\n<li>Sciences de la vie et de la terre<\/li>\n<\/ul>\n<ul>\n<li>\n\t\t\t\t\t\t\t\t\t\t\u2026Les disciplines et enseignements sont nombreux. Nos professeurs \u00e0 IBC ont pour mission, quelle que soit la discipline, de d\u00e9velopper les connaissances de leurs \u00e9l\u00e8ves, \u00e9veiller leur esprit d\u2019analyse et les accompagner dans la d\u00e9couverte de diff\u00e9rentes professions. Ils leur donnent des outils pour leur apprendre \u00e0 r\u00e9fl\u00e9chir et d\u00e9couvrir progressivement le monde dans lequel ils \u00e9voluent afin de les pr\u00e9parer \u00e0 leurs futurs choix d&#8217;orientation.<\/p>\n<p> Pour cela, IBC se veut s\u00e9lectif dans le choix de ses enseignants, issus tous d\u2019\u00e9coles normales sup\u00e9rieures. Un processus solide de recrutement bas\u00e9 sur des r\u00e9f\u00e9rences p\u00e9dagogiques et plusieurs entrevues a \u00e9t\u00e9 \u00e9tabli. Afin d\u2019aider et encourager les \u00e9l\u00e8ves, nos enseignants s\u2019efforcent d\u2019\u00eatre disponibles m\u00eame dans les heures creuses.\n\t\t\t\t\t\t\t\t\t<\/li>\n<\/ul>\n<p>\t\t\t\t\t\t\t\t\t\t<img width=\"768\" height=\"1024\" src=\"https:\/\/integ-bilingual-college.com\/wp-content\/uploads\/2021\/02\/Teacher.jpg\" alt=\"\" loading=\"lazy\" srcset=\"https:\/\/integ-bilingual-college.com\/wp-content\/uploads\/2021\/02\/Teacher.jpg 768w, https:\/\/integ-bilingual-college.com\/wp-content\/uploads\/2021\/02\/Teacher-225x300.jpg 225w\" sizes=\"(max-width: 768px) 100vw, 768px\" \/><\/p>\n","protected":false},"excerpt":{"rendered":"<p>Les enseignants Fran\u00e7ais Histoire G\u00e9ographie Math\u00e9matiques Physiques Sciences de la vie et de la terre \u2026Les disciplines et enseignements sont nombreux. Nos professeurs \u00e0 IBC ont pour mission, quelle que soit la discipline, de d\u00e9velopper les connaissances de leurs \u00e9l\u00e8ves, \u00e9veiller leur esprit d\u2019analyse et les accompagner dans la d\u00e9couverte de diff\u00e9rentes professions. Ils leur &hellip;<\/p>\n<p class=\"read-more\"> <a class=\"\" href=\"https:\/\/integ-bilingual-college.com\/fr\/teachers\/\"> <span class=\"screen-reader-text\">Teachers<\/span> Read More &raquo;<\/a><\/p>\n","protected":false},"author":1,"featured_media":0,"parent":0,"menu_order":0,"comment_status":"closed","ping_status":"closed","template":"","meta":{"site-sidebar-layout":"no-sidebar","site-content-layout":"page-builder","ast-main-header-display":"","ast-hfb-above-header-display":"","ast-hfb-below-header-display":"","ast-hfb-mobile-header-display":"","site-post-title":"disabled","ast-breadcrumbs-content":"","ast-featured-img":"disabled","footer-sml-layout":"","theme-transparent-header-meta":"default","adv-header-id-meta":"","stick-header-meta":"","header-above-stick-meta":"","header-main-stick-meta":"","header-below-stick-meta":""},"translation":{"provider":"WPGlobus","version":"2.8.8","language":"fr","enabled_languages":["en","fr"],"languages":{"en":{"title":true,"content":true,"excerpt":false},"fr":{"title":true,"content":true,"excerpt":false}}},"_links":{"self":[{"href":"https:\/\/integ-bilingual-college.com\/fr\/wp-json\/wp\/v2\/pages\/312"}],"collection":[{"href":"https:\/\/integ-bilingual-college.com\/fr\/wp-json\/wp\/v2\/pages"}],"about":[{"href":"https:\/\/integ-bilingual-college.com\/fr\/wp-json\/wp\/v2\/types\/page"}],"author":[{"embeddable":true,"href":"https:\/\/integ-bilingual-college.com\/fr\/wp-json\/wp\/v2\/users\/1"}],"replies":[{"embeddable":true,"href":"https:\/\/integ-bilingual-college.com\/fr\/wp-json\/wp\/v2\/comments?post=312"}],"version-history":[{"count":121,"href":"https:\/\/integ-bilingual-college.com\/fr\/wp-json\/wp\/v2\/pages\/312\/revisions"}],"predecessor-version":[{"id":2914,"href":"https:\/\/integ-bilingual-college.com\/fr\/wp-json\/wp\/v2\/pages\/312\/revisions\/2914"}],"wp:attachment":[{"href":"https:\/\/integ-bilingual-college.com\/fr\/wp-json\/wp\/v2\/media?parent=312"}],"curies":[{"name":"wp","href":"https:\/\/api.w.org\/{rel}","templated":true}]}}