{"id":285,"date":"2021-01-26T17:53:15","date_gmt":"2021-01-26T17:53:15","guid":{"rendered":"https:\/\/integ-bilingual-college.com\/?page_id=285"},"modified":"2021-02-16T10:37:53","modified_gmt":"2021-02-16T10:37:53","slug":"the-management-team","status":"publish","type":"page","link":"https:\/\/integ-bilingual-college.com\/fr\/the-management-team\/","title":{"rendered":"The Management Team"},"content":{"rendered":"<h1>L\u2019\u00e9quipe de Direction <\/h1>\n<h2>Notre \u00e9quipe dirigeante est constitu\u00e9e<br \/>\n:<\/h2>\n<p>&#8211; D\u2019un principal:\u00a0 la fonction de Principal chez IBC se veut \u00e0 cheval sur plusieurs axes. En effet les t\u00e2ches qui lui incombent sont multiples et nombreuses. Il s\u2019occupe de la gestion administrative, financi\u00e8re et mat\u00e9rielle du personnel et aussi des \u00e9l\u00e8ves.<\/p>\n<p>Le r\u00f4le p\u00e9dagogique du chef d\u2019\u00e9tablissement est l\u00e9gitim\u00e9 par le pilotage du projet d\u2019\u00e9tablissement et des\u00a0instances du lyc\u00e9e \u2013 conseil d\u2019administration, conseils de classe et discipline &#8211; de la mise en place des\u00a0directives nationales, du respect de la discipline et du r\u00e8glement int\u00e9rieur. Il se charge aussi de d\u00e9velopper\u00a0une communication bienveillante afin de solidifier l\u2019adh\u00e9sion des enseignants de son \u00e9tablissement.<\/p>\n<p style=\"text-align: left;\" align=\"justify\">&#8211; D\u2019un intendant: assist\u00e9 du secr\u00e9tariat, l\u2019intendant est le responsable de toute la gestion financi\u00e8re et administrative du Coll\u00e8ge. Il organise la tenue des comptes des frais d\u2019inscription, le travail des agents de service et de l\u2019entretien et de la s\u00e9curit\u00e9 des locaux<\/p>\n<p align=\"justify\">&#8211; D\u2019un censeur: ce dernier est charg\u00e9 de veiller \u00e0 la bonne marche des \u00e9tudes et \u00e0 la discipline g\u00e9n\u00e9rale de l&#8217;\u00e9tablissement.\u00a0<\/p>\n<p align=\"justify\">&#8211; De 3 surveillants g\u00e9n\u00e9raux : qui veillent au respect du r\u00e8glement int\u00e9rieur impos\u00e9. En sus de cette t\u00e2che ils s\u2019occupent aussi de l\u2019enregistrement des absences, de la d\u00e9livrance de pi\u00e8ces scolaires telles que les billets d\u2019entr\u00e9e, etc.<\/p>\n<ul>\n<li>\n\t\t\t\t\t\t\t\t\t\tMerci de cliquer ci-bas pour acc\u00e9der \u00e0 l&#8217;organigramme du coll\u00e8ge\n\t\t\t\t\t\t\t\t\t<\/li>\n<\/ul>\n<p>\t\t\t\t\t\t\t\t\t\t\t<a href=\"https:\/\/integ-bilingual-college.com\/wp-content\/uploads\/2021\/02\/Organigramm-French.png\" data-elementor-open-lightbox=\"yes\"><br \/>\n\t\t\t\t\t\t\t<img width=\"768\" height=\"366\" src=\"https:\/\/integ-bilingual-college.com\/wp-content\/uploads\/2021\/02\/Organigramm-French-768x366.png\" alt=\"\" loading=\"lazy\" srcset=\"https:\/\/integ-bilingual-college.com\/wp-content\/uploads\/2021\/02\/Organigramm-French-768x366.png 768w, https:\/\/integ-bilingual-college.com\/wp-content\/uploads\/2021\/02\/Organigramm-French-300x143.png 300w, https:\/\/integ-bilingual-college.com\/wp-content\/uploads\/2021\/02\/Organigramm-French-1024x488.png 1024w, https:\/\/integ-bilingual-college.com\/wp-content\/uploads\/2021\/02\/Organigramm-French-1536x732.png 1536w, https:\/\/integ-bilingual-college.com\/wp-content\/uploads\/2021\/02\/Organigramm-French.png 1080w\" sizes=\"(max-width: 768px) 100vw, 768px\" \/>\t\t\t\t\t\t\t\t<\/a><\/p>\n","protected":false},"excerpt":{"rendered":"<p>L\u2019\u00e9quipe de Direction Notre \u00e9quipe dirigeante est constitu\u00e9e : &#8211; D\u2019un principal:\u00a0 la fonction de Principal chez IBC se veut \u00e0 cheval sur plusieurs axes. En effet les t\u00e2ches qui lui incombent sont multiples et nombreuses. Il s\u2019occupe de la gestion administrative, financi\u00e8re et mat\u00e9rielle du personnel et aussi des \u00e9l\u00e8ves. Le r\u00f4le p\u00e9dagogique du &hellip;<\/p>\n<p class=\"read-more\"> <a class=\"\" href=\"https:\/\/integ-bilingual-college.com\/fr\/the-management-team\/\"> <span class=\"screen-reader-text\">The Management Team<\/span> Read More &raquo;<\/a><\/p>\n","protected":false},"author":1,"featured_media":0,"parent":0,"menu_order":0,"comment_status":"closed","ping_status":"closed","template":"","meta":{"site-sidebar-layout":"no-sidebar","site-content-layout":"page-builder","ast-main-header-display":"","ast-hfb-above-header-display":"","ast-hfb-below-header-display":"","ast-hfb-mobile-header-display":"","site-post-title":"disabled","ast-breadcrumbs-content":"","ast-featured-img":"disabled","footer-sml-layout":"","theme-transparent-header-meta":"default","adv-header-id-meta":"","stick-header-meta":"","header-above-stick-meta":"","header-main-stick-meta":"","header-below-stick-meta":""},"translation":{"provider":"WPGlobus","version":"2.8.8","language":"fr","enabled_languages":["en","fr"],"languages":{"en":{"title":true,"content":true,"excerpt":false},"fr":{"title":true,"content":true,"excerpt":false}}},"_links":{"self":[{"href":"https:\/\/integ-bilingual-college.com\/fr\/wp-json\/wp\/v2\/pages\/285"}],"collection":[{"href":"https:\/\/integ-bilingual-college.com\/fr\/wp-json\/wp\/v2\/pages"}],"about":[{"href":"https:\/\/integ-bilingual-college.com\/fr\/wp-json\/wp\/v2\/types\/page"}],"author":[{"embeddable":true,"href":"https:\/\/integ-bilingual-college.com\/fr\/wp-json\/wp\/v2\/users\/1"}],"replies":[{"embeddable":true,"href":"https:\/\/integ-bilingual-college.com\/fr\/wp-json\/wp\/v2\/comments?post=285"}],"version-history":[{"count":214,"href":"https:\/\/integ-bilingual-college.com\/fr\/wp-json\/wp\/v2\/pages\/285\/revisions"}],"predecessor-version":[{"id":3214,"href":"https:\/\/integ-bilingual-college.com\/fr\/wp-json\/wp\/v2\/pages\/285\/revisions\/3214"}],"wp:attachment":[{"href":"https:\/\/integ-bilingual-college.com\/fr\/wp-json\/wp\/v2\/media?parent=285"}],"curies":[{"name":"wp","href":"https:\/\/api.w.org\/{rel}","templated":true}]}}