{"id":271,"date":"2021-01-26T17:43:08","date_gmt":"2021-01-26T17:43:08","guid":{"rendered":"https:\/\/integ-bilingual-college.com\/?page_id=271"},"modified":"2021-02-11T21:35:20","modified_gmt":"2021-02-11T21:35:20","slug":"history-and-presentation-of-the-school","status":"publish","type":"page","link":"https:\/\/integ-bilingual-college.com\/fr\/history-and-presentation-of-the-school\/","title":{"rendered":"History and presentation of the school"},"content":{"rendered":"<h1>L\u2019historique et pr\u00e9sentation du Coll\u00e8ge<\/h1>\n<p style=\"text-align: left;\">Integ Bilingual College \u2013 IBC est une cit\u00e9 scolaire la\u00efque priv\u00e9e b\u00e2tie depuis 1975 par Lydia et Mathieu TZOUMPE et ouverte au public en 1976.<\/p>\n<p style=\"text-align: left;\">Tout d\u2019abord appel\u00e9e Institut des Techniques Economiques et de Gestion &#8211; INTEG, c\u2019est seulement en 2015 qu\u2019il\u00a0prendra son nom de Integ Bilingual College, car accueillant aussi depuis ce temps la section anglophone.<\/p>\n<p style=\"text-align: left;\">La cit\u00e9 scolaire, \u00e9difi\u00e9e en plein centre-ville de Douala et class\u00e9e parmi les plus anciens coll\u00e8ges de la ville est reconnue par l\u2019Education Nationale Camerounaise.<\/p>\n<p style=\"text-align: left;\">Aujourd\u2019hui, IBC se veut un coll\u00e8ge et un lyc\u00e9e pluridisciplinaires. Il accueille, dans un cadre d\u2019environ 3 hectares \u00e0 Akwa pr\u00e8s de 1.000 \u00e9l\u00e8ves en sections francophone et anglophone.<\/p>\n<p>\t\t\t\t\t\t\t\t\t\t<img width=\"1024\" height=\"768\" src=\"https:\/\/integ-bilingual-college.com\/wp-content\/uploads\/2021\/02\/IMG-20210125-WA0010-1024x768.jpg\" alt=\"\" loading=\"lazy\" srcset=\"https:\/\/integ-bilingual-college.com\/wp-content\/uploads\/2021\/02\/IMG-20210125-WA0010-1024x768.jpg 1024w, https:\/\/integ-bilingual-college.com\/wp-content\/uploads\/2021\/02\/IMG-20210125-WA0010-300x225.jpg 300w, https:\/\/integ-bilingual-college.com\/wp-content\/uploads\/2021\/02\/IMG-20210125-WA0010-768x576.jpg 768w, https:\/\/integ-bilingual-college.com\/wp-content\/uploads\/2021\/02\/IMG-20210125-WA0010.jpg 1080w\" sizes=\"(max-width: 1024px) 100vw, 1024px\" \/>\t\t\t\t\t\t\t\t\t\t\t<\/p>\n<ul>\n<li>\n\t\t\t\t\t\t\t\t\t<\/li>\n<\/ul>\n<p>Tous ces jeunes viennent de presque tous les arrondissements de la ville de Douala et sont pr\u00e9par\u00e9s aux Brevet d\u2019Etude du Premier Cycle, Probatoire et Baccalaur\u00e9at g\u00e9n\u00e9ral et technique.<\/p>\n<p>Les \u00e9l\u00e8ves qui se donnent les moyens sont guid\u00e9s vers la r\u00e9ussite dans leurs cursus et leur d\u00e9veloppementpersonnel. Pour mener \u00e0 bien notre mission tous les acteurs sont mobilis\u00e9s notamment les parents qui ont leur\u00a0place dans un dialogue constructif et serein. Accueillir un \u00e9l\u00e8ve au sein de IBC, c\u2019est passer un contrat entre lui m\u00eame, ses parents et le coll\u00e8ge. Contrat d\u2019\u00e9ducation fond\u00e9 sur la confiance et la rigueur qui permettront \u00e0 chaquejeune de se pr\u00e9parer \u00e0 la poursuite des \u00e9tudes au-del\u00e0 du baccalaur\u00e9at.\u00a0<\/p>\n<p>\t\t\t\t\t\t\t\t\t\t<img src=\"https:\/\/integ-bilingual-college.com\/wp-content\/uploads\/elementor\/thumbs\/pexels-photo-5905451-p1wgzyr0owmelqj6rvg1l9jqhq1ck2zd4poici39uc.jpeg\" title=\"pexels-photo-5905451\" alt=\"pexels-photo-5905451\" \/><\/p>\n","protected":false},"excerpt":{"rendered":"<p>L\u2019historique et pr\u00e9sentation du Coll\u00e8ge Integ Bilingual College \u2013 IBC est une cit\u00e9 scolaire la\u00efque priv\u00e9e b\u00e2tie depuis 1975 par Lydia et Mathieu TZOUMPE et ouverte au public en 1976. Tout d\u2019abord appel\u00e9e Institut des Techniques Economiques et de Gestion &#8211; INTEG, c\u2019est seulement en 2015 qu\u2019il\u00a0prendra son nom de Integ Bilingual College, car accueillant &hellip;<\/p>\n<p class=\"read-more\"> <a class=\"\" href=\"https:\/\/integ-bilingual-college.com\/fr\/history-and-presentation-of-the-school\/\"> <span class=\"screen-reader-text\">History and presentation of the school<\/span> Read More &raquo;<\/a><\/p>\n","protected":false},"author":1,"featured_media":0,"parent":0,"menu_order":0,"comment_status":"closed","ping_status":"closed","template":"","meta":{"site-sidebar-layout":"no-sidebar","site-content-layout":"page-builder","ast-main-header-display":"","ast-hfb-above-header-display":"","ast-hfb-below-header-display":"","ast-hfb-mobile-header-display":"","site-post-title":"disabled","ast-breadcrumbs-content":"","ast-featured-img":"disabled","footer-sml-layout":"","theme-transparent-header-meta":"default","adv-header-id-meta":"","stick-header-meta":"","header-above-stick-meta":"","header-main-stick-meta":"","header-below-stick-meta":""},"translation":{"provider":"WPGlobus","version":"2.8.8","language":"fr","enabled_languages":["en","fr"],"languages":{"en":{"title":true,"content":true,"excerpt":false},"fr":{"title":true,"content":true,"excerpt":false}}},"_links":{"self":[{"href":"https:\/\/integ-bilingual-college.com\/fr\/wp-json\/wp\/v2\/pages\/271"}],"collection":[{"href":"https:\/\/integ-bilingual-college.com\/fr\/wp-json\/wp\/v2\/pages"}],"about":[{"href":"https:\/\/integ-bilingual-college.com\/fr\/wp-json\/wp\/v2\/types\/page"}],"author":[{"embeddable":true,"href":"https:\/\/integ-bilingual-college.com\/fr\/wp-json\/wp\/v2\/users\/1"}],"replies":[{"embeddable":true,"href":"https:\/\/integ-bilingual-college.com\/fr\/wp-json\/wp\/v2\/comments?post=271"}],"version-history":[{"count":217,"href":"https:\/\/integ-bilingual-college.com\/fr\/wp-json\/wp\/v2\/pages\/271\/revisions"}],"predecessor-version":[{"id":3076,"href":"https:\/\/integ-bilingual-college.com\/fr\/wp-json\/wp\/v2\/pages\/271\/revisions\/3076"}],"wp:attachment":[{"href":"https:\/\/integ-bilingual-college.com\/fr\/wp-json\/wp\/v2\/media?parent=271"}],"curies":[{"name":"wp","href":"https:\/\/api.w.org\/{rel}","templated":true}]}}