{"id":27,"date":"2021-01-22T21:08:02","date_gmt":"2021-01-22T21:08:02","guid":{"rendered":"https:\/\/integ-bilingual-college.com\/?page_id=27"},"modified":"2021-02-12T10:26:51","modified_gmt":"2021-02-12T10:26:51","slug":"startseite","status":"publish","type":"page","link":"https:\/\/integ-bilingual-college.com\/fr\/","title":{"rendered":"Home"},"content":{"rendered":"<h1>Bienvenue au<br \/>\n<br \/>Coll\u00e8ge-Bilingue-Integ<\/h1>\n<p>\t\t\t<a href=\"https:\/\/integ-bilingual-college.com\/contact\/\" role=\"button\"><br \/>\n\t\t\t\t\t\tContact<br \/>\n\t\t\t\t\t<\/a><br \/>\n\t\t\t<a href=\"https:\/\/integ-bilingual-college.com\/fr\/contact\/\" style=\"color: inherit;\"><\/a>\t\t<\/p>\n<h2> Un lieu pour apprendre et grandir ensemble<\/h2>\n<p align=\"justify\">Les \u00e9l\u00e8ves d\u2019IBC se retrouvent chaque rentr\u00e9e scolaire autour du personnel de Direction et d\u2019encadrement pour c\u00e9l\u00e9brer le d\u00e9but de l\u2019ann\u00e9e scolaire. Cette c\u00e9r\u00e9monie marque le d\u00e9but d\u2019un engagement volontaire dans le travail et les relations entre enseignants et \u00e9l\u00e8ves. Le Principal de l\u2019\u00e9tablissement s\u2019adresse aux \u00e9l\u00e8ves pour leur souhaiter la bienvenue et leur procurer tous<br \/>les conseils et armes n\u00e9cessaires pour braver l\u2019ann\u00e9e scolaire et les pr\u00e9parer consciencieusement aux examens<br \/>officiels.<br \/>La volont\u00e9 de travailler\u2026la discipline et l\u2019assiduit\u00e9\u2026le bien-\u00eatre et le vivre ensemble\u2026ne sont pas des valeurs prises \u00e0 la l\u00e9g\u00e8re \u00e0 IBC. Elles repr\u00e9sentent le moteur qui conduit au succ\u00e8s !<\/p>\n<p>\t\t\t\t\t\t\t\t\t\t<img width=\"1000\" height=\"500\" src=\"https:\/\/integ-bilingual-college.com\/wp-content\/uploads\/2021\/02\/Bild-Absatz-a-place-to-grow-and-learn-together.jpg\" alt=\"\" loading=\"lazy\" srcset=\"https:\/\/integ-bilingual-college.com\/wp-content\/uploads\/2021\/02\/Bild-Absatz-a-place-to-grow-and-learn-together.jpg 1000w, https:\/\/integ-bilingual-college.com\/wp-content\/uploads\/2021\/02\/Bild-Absatz-a-place-to-grow-and-learn-together-300x150.jpg 300w, https:\/\/integ-bilingual-college.com\/wp-content\/uploads\/2021\/02\/Bild-Absatz-a-place-to-grow-and-learn-together-768x384.jpg 768w\" sizes=\"(max-width: 1000px) 100vw, 1000px\" \/>\t\t\t\t\t\t\t\t\t\t\t<\/p>\n<h2>Notre objectif<\/h2>\n<p>Le Coll\u00e8ge Integ Bilingue est dirig\u00e9 par Jean MOUBEB, psychologue et Doctorant en psychopathologie clinique. Il est le pr\u00e9curseur de la psychologie en milieu scolaire camerounais. Il a mis sur pied depuis 1976 un projet \u00e9ducatif dont l\u2019objectif est de rendre effectif et op\u00e9rationnel le partenariat \u00e9cole-famille jusque-l\u00e0 per\u00e7u en milieu scolaire camerounais comme un simple slogan. Son approche syst\u00e9mique se basera sur :&nbsp;<\/p>\n<p>\t\t\t&#8211;<br \/>\n\t\t\tLa formation psychop\u00e9dagogique des enseignants<br \/>\n\t\t\t&#8211;<br \/>\n\t\t\tLe suivi et soutien psychop\u00e9dagogique des \u00e9l\u00e8ves par rapport \u00e0 leurs difficult\u00e9s scolaires, familiales et<br \/>\nrelationnelles<br \/>\n\t\t\t&#8211;<br \/>\n\t\t\t L\u2019\u00e9cole des parents afin de leur donner des outils pour comprendre, suivre et accompagner leurs enfants<br \/>\nsur le plan cognitif et \u00e9motionnel.<br \/>\n\t\t\t\t\t\t\t\t\t\t<img width=\"562\" height=\"341\" src=\"https:\/\/integ-bilingual-college.com\/wp-content\/uploads\/2021\/01\/Unbenannt-1.png\" alt=\"\" loading=\"lazy\" srcset=\"https:\/\/integ-bilingual-college.com\/wp-content\/uploads\/2021\/01\/Unbenannt-1.png 562w, https:\/\/integ-bilingual-college.com\/wp-content\/uploads\/2021\/01\/Unbenannt-1-300x182.png 300w\" sizes=\"(max-width: 562px) 100vw, 562px\" \/>\t\t\t\t\t\t\t\t\t\t\t<\/p>\n<h2>Notre vision<\/h2>\n<p>Depuis 2015, en tant que chef d\u2019\u00e9tablissement, il op\u00e9rationnalise cette approche qui porte d\u00e9j\u00e0 des fruits tel que les tableaux des r\u00e9sultats l\u2019indiquent. Sa vision se d\u00e9cline sur les concepts suivants:<\/p>\n<p align=\"justify\">\u00a0&#8211; sur le plan disciplinaire une discipline humanisante<\/p>\n<p align=\"justify\">\u00a0&#8211; sur le plan p\u00e9dagogique, le choix a \u00e9t\u00e9 port\u00e9 sur l\u2019approche affective associ\u00e9e \u00e0 une approche par comp\u00e9tence.<\/p>\n<p align=\"justify\">\u00a0&#8211; sur le plan manag\u00e9rial une administration de type consultatif op\u00e9rationnalis\u00e9e par un esprit d\u2019\u00e9quipe.<\/p>\n<p>\t\t\t\t\t\t\t\t\t\t<img width=\"1024\" height=\"682\" src=\"https:\/\/integ-bilingual-college.com\/wp-content\/uploads\/2021\/01\/board-4876630_1280-1024x682.jpg\" alt=\"\" loading=\"lazy\" srcset=\"https:\/\/integ-bilingual-college.com\/wp-content\/uploads\/2021\/01\/board-4876630_1280-1024x682.jpg 1024w, https:\/\/integ-bilingual-college.com\/wp-content\/uploads\/2021\/01\/board-4876630_1280-300x200.jpg 300w, https:\/\/integ-bilingual-college.com\/wp-content\/uploads\/2021\/01\/board-4876630_1280-768x512.jpg 768w, https:\/\/integ-bilingual-college.com\/wp-content\/uploads\/2021\/01\/board-4876630_1280.jpg 1080w\" sizes=\"(max-width: 1024px) 100vw, 1024px\" \/>\t\t\t\t\t\t\t\t\t\t\t<\/p>\n<h2>Le Principal pendant une s\u00e9ance de l&#8217;\u00e9cole des parents <\/h2>\n<p>\t\t\t\t\t\t\t\t\t\t<img width=\"586\" height=\"403\" src=\"https:\/\/integ-bilingual-college.com\/wp-content\/uploads\/2021\/01\/Unbenannt-2.png\" alt=\"\" loading=\"lazy\" srcset=\"https:\/\/integ-bilingual-college.com\/wp-content\/uploads\/2021\/01\/Unbenannt-2.png 586w, https:\/\/integ-bilingual-college.com\/wp-content\/uploads\/2021\/01\/Unbenannt-2-300x206.png 300w\" sizes=\"(max-width: 586px) 100vw, 586px\" \/>\t\t\t\t\t\t\t\t\t\t\t<\/p>\n<p align=\"justify\">L&#8217;Integ Bilingual College est dirig\u00e9 par Jean MOUBEB, psychologue et doctorant en psychopathologie clinique. Il est le pr\u00e9curseur de la psychologie dans les \u00e9coles camerounaises.<\/p>\n<p>\t\t\t\t\t\t\t\t\t\t\t\t<a href=\"\">Mot g\u00e9n\u00e9ral du directeur de l&#8217;\u00e9cole<\/a><\/p>\n<p align=\"justify\"><i>Chers \u00e9l\u00e8ves, enseignants et parents,<\/i><\/p>\n<p lang=\"de-DE\" align=\"justify\"><i>Vous \u00eates les maillons essentiels de la chaine \u00e9ducative et garants du partenariat \u00e9cole- famille. L\u2019administration scolaire n\u2019en est qu\u2019un facilitateur. Ce partenariat est fait par vous, pour vous et pour le b\u00e9n\u00e9fice de nos enfants qui repr\u00e9sente l\u2019objet principal. Leur r\u00e9ussite \u00e0 n\u2019en pas douter d\u00e9pend de votre engagement et de l\u2019implication de chacun de vous au r\u00f4le et au statut que vous occupez.<\/i><\/p>\n<p lang=\"de-DE\" align=\"justify\"><i>A vous parents, nous vous disons que la premi\u00e8re \u00e9cole commence en famille. L\u2019adaptation de votre enfant en milieu scolaire d\u00e9pendra des valeurs que vous lui aurez inculqu\u00e9es en famille. Le dialogue familial et votre participation active aux sessions de formation de l\u2019\u00a0\u00ab\u00a0\u00e9cole des parents\u00a0\u00bb que nous organisons chaque trimestre vous seront d\u2019une tr\u00e8s grande contribution. Votre enfant sera ce que vous voudriez qu\u2019il soit.<\/i><\/p>\n<p lang=\"de-DE\" align=\"justify\"><i>Aux \u00e9l\u00e8ves, quel que soit votre statut familial (famille unie, momoparentale, recompos\u00e9e, substituts parentaux etc) nous vous invitons \u00e0 une prise de conscience et \u00e0 la prise en main de votre destin. Ce que vous deviendrez demain d\u00e9pendra de vos efforts d\u2019aujourd\u2019hui. La r\u00e9ussite ou l\u2019\u00e9chec est un choix de vie.<\/i><\/p>\n<p lang=\"de-DE\" align=\"justify\"><i>A mes chers coll\u00e8gues enseignants, sachez que vous \u00eates des ma\u00eetres et vous devriez vous faire des disciples \u00e0 travers la transmission des valeurs aussi bien cognitives qu\u2019\u00e9motionnelles. Notre option p\u00e9dagogique &#8211; approche affective &#8211; devrait faire de vous des parents avant d\u2019\u00eatre des enseignants. Par votre culture intellectuelle, vous apportez l\u2019autorit\u00e9 scientifique qui vous permettrait d\u2019\u00e9tablir un lien d\u2019attachement affectif avec vos apprenants, pr\u00e9alable \u00e0 toute transmission des connaissances.<\/i><\/p>\n<p lang=\"de-DE\" align=\"justify\"><i>Pour finir, notre vision pour une \u00e9cole d\u2019excellence repose sur une discipline humanisante, une p\u00e9dagogie de la confiance et de la compassion orient\u00e9e par une approche affective. La nouvelle \u00e9cole \u00e0 laquelle nous aspirons a pour objectif de construire l\u2019enfant au plan intellectuel, \u00e9motionnel et moral.<\/i><\/p>\n<p lang=\"de-DE\" align=\"justify\"><i>Chers partenaires de l\u2019\u00e9ducation, la fin d\u2019une ann\u00e9e scolaire est une occasion pour chacun de nous de faire une \u00e9valuation c&#8217;est-\u00e0-dire prendre conscience de ce qui a \u00e9t\u00e9 fait, ce qu\u2019on n\u2019a pas pu faire et qui m\u00e9ritait d\u2019\u00eatre fait. En revanche le d\u00e9but d\u2019une ann\u00e9e scolaire est le moment de faire le bilan de l\u2019ann\u00e9e pr\u00e9c\u00e9dente et d\u2019en d\u00e9gager des projections pour l\u2019ann\u00e9e suivante. Il s\u2019agit d\u2019un projet \u00e9tabli sur notre enfant en insistant sur les aspects mat\u00e9riels (outillages scolaires), \u00e9motionnels (dialogue et alimentation permanente du compte \u00e9motionnel de l\u2019enfant) et moral (transmission des valeurs). Et lorsque tout ceci sera accompagn\u00e9 d\u2019un suivi et d\u2019une \u00e9valuation permanente, ce n\u2019est qu\u2019\u00e0 ce titre et \u00e0 ce titre seulement que la r\u00e9ussite apparaitra\u00a0!<\/i><\/p>\n<p lang=\"de-DE\" align=\"justify\"><i>Bon d\u00e9but d\u2019ann\u00e9e et beaucoup de courage.<\/i><\/p>\n<p lang=\"de-DE\" align=\"justify\"><i>Je vous remercie.<\/i><\/p>\n<p lang=\"de-DE\" align=\"justify\"><i>Le Principal<\/i><\/p>\n<h3>Le Coll\u00e8ge Integ a \u00e9t\u00e9 cr\u00e9\u00e9e selon la lettre No J2\/707\/Mineduc\/DEP du 02\/04\/1976 et l\u2019arr\u00eat\u00e9 No<br \/>\n40\/15\/MineSEC\/SG\/DESG\/SDSEPESG\/SSGEPESG du 23\/02\/2015. Il est immatricul\u00e9 7IC2GWBD112787115 au<br \/>\nMinist\u00e8re de l\u2019Education Nationale<\/h3>\n","protected":false},"excerpt":{"rendered":"<p>Bienvenue au Coll\u00e8ge-Bilingue-Integ Contact Un lieu pour apprendre et grandir ensemble Les \u00e9l\u00e8ves d\u2019IBC se retrouvent chaque rentr\u00e9e scolaire autour du personnel de Direction et d\u2019encadrement pour c\u00e9l\u00e9brer le d\u00e9but de l\u2019ann\u00e9e scolaire. Cette c\u00e9r\u00e9monie marque le d\u00e9but d\u2019un engagement volontaire dans le travail et les relations entre enseignants et \u00e9l\u00e8ves. Le Principal de l\u2019\u00e9tablissement &hellip;<\/p>\n<p class=\"read-more\"> <a class=\"\" href=\"https:\/\/integ-bilingual-college.com\/fr\/\"> <span class=\"screen-reader-text\">Home<\/span> Read More &raquo;<\/a><\/p>\n","protected":false},"author":1,"featured_media":0,"parent":0,"menu_order":0,"comment_status":"closed","ping_status":"closed","template":"","meta":{"site-sidebar-layout":"no-sidebar","site-content-layout":"page-builder","ast-main-header-display":"","ast-hfb-above-header-display":"","ast-hfb-below-header-display":"","ast-hfb-mobile-header-display":"","site-post-title":"disabled","ast-breadcrumbs-content":"","ast-featured-img":"disabled","footer-sml-layout":"","theme-transparent-header-meta":"default","adv-header-id-meta":"","stick-header-meta":"","header-above-stick-meta":"","header-main-stick-meta":"","header-below-stick-meta":""},"translation":{"provider":"WPGlobus","version":"2.8.8","language":"fr","enabled_languages":["en","fr"],"languages":{"en":{"title":true,"content":true,"excerpt":false},"fr":{"title":true,"content":true,"excerpt":false}}},"_links":{"self":[{"href":"https:\/\/integ-bilingual-college.com\/fr\/wp-json\/wp\/v2\/pages\/27"}],"collection":[{"href":"https:\/\/integ-bilingual-college.com\/fr\/wp-json\/wp\/v2\/pages"}],"about":[{"href":"https:\/\/integ-bilingual-college.com\/fr\/wp-json\/wp\/v2\/types\/page"}],"author":[{"embeddable":true,"href":"https:\/\/integ-bilingual-college.com\/fr\/wp-json\/wp\/v2\/users\/1"}],"replies":[{"embeddable":true,"href":"https:\/\/integ-bilingual-college.com\/fr\/wp-json\/wp\/v2\/comments?post=27"}],"version-history":[{"count":338,"href":"https:\/\/integ-bilingual-college.com\/fr\/wp-json\/wp\/v2\/pages\/27\/revisions"}],"predecessor-version":[{"id":3119,"href":"https:\/\/integ-bilingual-college.com\/fr\/wp-json\/wp\/v2\/pages\/27\/revisions\/3119"}],"wp:attachment":[{"href":"https:\/\/integ-bilingual-college.com\/fr\/wp-json\/wp\/v2\/media?parent=27"}],"curies":[{"name":"wp","href":"https:\/\/api.w.org\/{rel}","templated":true}]}}